{"id":105,"date":"2015-01-08T10:30:48","date_gmt":"2015-01-08T10:30:48","guid":{"rendered":"http:\/\/localhost\/wordpress\/pressroom\/?page_id=105"},"modified":"2025-03-25T10:11:33","modified_gmt":"2025-03-25T14:11:33","slug":"blog","status":"publish","type":"page","link":"https:\/\/revistamarcas.net\/?page_id=105","title":{"rendered":"Blog Template"},"content":{"rendered":"<div class=\"wpb-content-wrapper\"><p>[vc_row][vc_column]<div class=\"divider_block clearfix\"><hr class=\"divider first\"><hr class=\"divider subheader_arrow\"><hr class=\"divider last\"><\/div>[\/vc_column][\/vc_row][vc_row][vc_column width=\u00bb2\/3&#8243;]<div class=\"vc_row wpb_row vc_row-fluid\"><div class=\"vc_col-sm-6 wpb_column vc_column_container\"><ul class=\"blog clearfix\"><li class=\" post post-8798 type-post status-publish format-standard hentry category-privada\"><h2 class=\"clearfix with_number\"><a href=\"https:\/\/revistamarcas.net\/?p=8798\" title=\"Propuesta Editorial y Comercial 2026\">Propuesta Editorial y Comercial 2026<\/a><a href=\"https:\/\/revistamarcas.net\/?p=8798#respond\" title=\"0 comments\" class=\"comments_number\">0<span class=\"arrow_comments\"><\/span><\/a><\/h2><ul class=\"post_details\"><li class=\"category container-category-480\"><a class=\"category-480\" href=\"https:\/\/revistamarcas.net\/?cat=480\" title=\"Informaci\u00f3n Exclusiva\r\n\">Privada<\/a><\/li><li class=\"date\">24\/01\/2026<\/li><\/ul><p>En el ecosistema empresarial actual, donde la atenci\u00f3n es el activo m\u00e1s valioso, Revista Marcas se ha consolidado no solo como una publicaci\u00f3n, sino como el punto de encuentro definitivo para quienes definen el rumbo del mercado.<\/p>\n<a title=\"READ MORE\" href=\"https:\/\/revistamarcas.net\/?p=8798\" class=\"read_more\"><span class=\"arrow\"><\/span><span>READ MORE<\/span><\/a><\/li><li class=\" post post-2806 type-post status-publish format-standard has-post-thumbnail hentry category-revista\"><a class=\"post_image\" href=\"https:\/\/revistamarcas.net\/?p=2806\" title=\"Edicion 054\"><img loading=\"lazy\" decoding=\"async\" width=\"330\" height=\"242\" src=\"https:\/\/revistamarcas.net\/wp-content\/uploads\/2025\/12\/PORTADA-FINAL-4-330x242.jpg\" class=\"attachment-blog-post-thumb size-blog-post-thumb wp-post-image\" alt=\"Edicion 054\" title=\"\" srcset=\"https:\/\/revistamarcas.net\/wp-content\/uploads\/2025\/12\/PORTADA-FINAL-4-330x242.jpg 330w, https:\/\/revistamarcas.net\/wp-content\/uploads\/2025\/12\/PORTADA-FINAL-4-510x374.jpg 510w, https:\/\/revistamarcas.net\/wp-content\/uploads\/2025\/12\/PORTADA-FINAL-4-130x95.jpg 130w\" sizes=\"auto, (max-width: 330px) 100vw, 330px\" \/><\/a><h2 class=\"clearfix with_number\"><a href=\"https:\/\/revistamarcas.net\/?p=2806\" title=\"Edicion 054\">Edicion 054<\/a><a href=\"https:\/\/revistamarcas.net\/?p=2806#respond\" title=\"0 comments\" class=\"comments_number\">0<span class=\"arrow_comments\"><\/span><\/a><\/h2><ul class=\"post_details\"><li class=\"category container-category-145\"><a class=\"category-145\" href=\"https:\/\/revistamarcas.net\/?cat=145\" title=\"Articulos de la revista\">Revista<\/a><\/li><li class=\"date\">06\/01\/2026<\/li><\/ul><a title=\"READ MORE\" href=\"https:\/\/revistamarcas.net\/?p=2806\" class=\"read_more\"><span class=\"arrow\"><\/span><span>READ MORE<\/span><\/a><\/li><li class=\" post post-2804 type-post status-publish format-standard has-post-thumbnail hentry category-revista\"><a class=\"post_image\" href=\"https:\/\/revistamarcas.net\/?p=2804\" title=\"Edici\u00f3n 053\"><img loading=\"lazy\" decoding=\"async\" width=\"330\" height=\"242\" src=\"https:\/\/revistamarcas.net\/wp-content\/uploads\/2025\/11\/PORTADA-FINAL-3-330x242.jpg\" class=\"attachment-blog-post-thumb size-blog-post-thumb wp-post-image\" alt=\"Edici\u00f3n 053\" title=\"\" srcset=\"https:\/\/revistamarcas.net\/wp-content\/uploads\/2025\/11\/PORTADA-FINAL-3-330x242.jpg 330w, https:\/\/revistamarcas.net\/wp-content\/uploads\/2025\/11\/PORTADA-FINAL-3-510x374.jpg 510w, https:\/\/revistamarcas.net\/wp-content\/uploads\/2025\/11\/PORTADA-FINAL-3-130x95.jpg 130w\" sizes=\"auto, (max-width: 330px) 100vw, 330px\" \/><\/a><h2 class=\"clearfix with_number\"><a href=\"https:\/\/revistamarcas.net\/?p=2804\" title=\"Edici\u00f3n 053\">Edici\u00f3n 053<\/a><a href=\"https:\/\/revistamarcas.net\/?p=2804#respond\" title=\"0 comments\" class=\"comments_number\">0<span class=\"arrow_comments\"><\/span><\/a><\/h2><ul class=\"post_details\"><li class=\"category container-category-145\"><a class=\"category-145\" href=\"https:\/\/revistamarcas.net\/?cat=145\" title=\"Articulos de la revista\">Revista<\/a><\/li><li class=\"date\">06\/01\/2026<\/li><\/ul><a title=\"READ MORE\" href=\"https:\/\/revistamarcas.net\/?p=2804\" class=\"read_more\"><span class=\"arrow\"><\/span><span>READ MORE<\/span><\/a><\/li><\/ul><\/div><div class=\"vc_col-sm-6 wpb_column vc_column_container\"><ul class=\"blog clearfix\"><li class=\" post post-2800 type-post status-publish format-standard has-post-thumbnail hentry category-revista\"><a class=\"post_image\" href=\"https:\/\/revistamarcas.net\/?p=2800\" title=\"Edici\u00f3n 052\"><img loading=\"lazy\" decoding=\"async\" width=\"330\" height=\"242\" src=\"https:\/\/revistamarcas.net\/wp-content\/uploads\/2025\/08\/PORTADA-052-330x242.jpeg\" class=\"attachment-blog-post-thumb size-blog-post-thumb wp-post-image\" alt=\"Edici\u00f3n 052\" title=\"\" srcset=\"https:\/\/revistamarcas.net\/wp-content\/uploads\/2025\/08\/PORTADA-052-330x242.jpeg 330w, https:\/\/revistamarcas.net\/wp-content\/uploads\/2025\/08\/PORTADA-052-510x374.jpeg 510w, https:\/\/revistamarcas.net\/wp-content\/uploads\/2025\/08\/PORTADA-052-130x95.jpeg 130w\" sizes=\"auto, (max-width: 330px) 100vw, 330px\" \/><\/a><h2 class=\"clearfix with_number\"><a href=\"https:\/\/revistamarcas.net\/?p=2800\" title=\"Edici\u00f3n 052\">Edici\u00f3n 052<\/a><a href=\"https:\/\/revistamarcas.net\/?p=2800#respond\" title=\"0 comments\" class=\"comments_number\">0<span class=\"arrow_comments\"><\/span><\/a><\/h2><ul class=\"post_details\"><li class=\"category container-category-145\"><a class=\"category-145\" href=\"https:\/\/revistamarcas.net\/?cat=145\" title=\"Articulos de la revista\">Revista<\/a><\/li><li class=\"date\">06\/01\/2026<\/li><\/ul><a title=\"READ MORE\" href=\"https:\/\/revistamarcas.net\/?p=2800\" class=\"read_more\"><span class=\"arrow\"><\/span><span>READ MORE<\/span><\/a><\/li><li class=\" post post-2798 type-post status-publish format-standard has-post-thumbnail hentry category-revista\"><a class=\"post_image\" href=\"https:\/\/revistamarcas.net\/?p=2798\" title=\"Edici\u00f3n 051\"><img loading=\"lazy\" decoding=\"async\" width=\"330\" height=\"242\" src=\"https:\/\/revistamarcas.net\/wp-content\/uploads\/2025\/02\/Marcas-051-330x242.jpg\" class=\"attachment-blog-post-thumb size-blog-post-thumb wp-post-image\" alt=\"Edici\u00f3n 051\" title=\"\" srcset=\"https:\/\/revistamarcas.net\/wp-content\/uploads\/2025\/02\/Marcas-051-330x242.jpg 330w, https:\/\/revistamarcas.net\/wp-content\/uploads\/2025\/02\/Marcas-051-510x374.jpg 510w, https:\/\/revistamarcas.net\/wp-content\/uploads\/2025\/02\/Marcas-051-130x95.jpg 130w\" sizes=\"auto, (max-width: 330px) 100vw, 330px\" \/><\/a><h2 class=\"clearfix with_number\"><a href=\"https:\/\/revistamarcas.net\/?p=2798\" title=\"Edici\u00f3n 051\">Edici\u00f3n 051<\/a><a href=\"https:\/\/revistamarcas.net\/?p=2798#respond\" title=\"0 comments\" class=\"comments_number\">0<span class=\"arrow_comments\"><\/span><\/a><\/h2><ul class=\"post_details\"><li class=\"category container-category-145\"><a class=\"category-145\" href=\"https:\/\/revistamarcas.net\/?cat=145\" title=\"Articulos de la revista\">Revista<\/a><\/li><li class=\"date\">06\/01\/2026<\/li><\/ul><a title=\"READ MORE\" href=\"https:\/\/revistamarcas.net\/?p=2798\" class=\"read_more\"><span class=\"arrow\"><\/span><span>READ MORE<\/span><\/a><\/li><li class=\" post post-2770 type-post status-publish format-standard has-post-thumbnail hentry category-articulos category-emprendimiento category-movida category-mundo tag-caracas tag-motos tag-servicio tag-transporte tag-traslados tag-usuarios tag-yango\"><a class=\"post_image\" href=\"https:\/\/revistamarcas.net\/?p=2770\" title=\"YANGO, A la conquista de Venezuela\"><img loading=\"lazy\" decoding=\"async\" width=\"330\" height=\"242\" src=\"https:\/\/revistamarcas.net\/wp-content\/uploads\/2025\/12\/Auto_Yango-330x242.jpg\" class=\"attachment-blog-post-thumb size-blog-post-thumb wp-post-image\" alt=\"YANGO, A la conquista de Venezuela\" title=\"\" srcset=\"https:\/\/revistamarcas.net\/wp-content\/uploads\/2025\/12\/Auto_Yango-330x242.jpg 330w, https:\/\/revistamarcas.net\/wp-content\/uploads\/2025\/12\/Auto_Yango-510x374.jpg 510w, https:\/\/revistamarcas.net\/wp-content\/uploads\/2025\/12\/Auto_Yango-130x95.jpg 130w\" sizes=\"auto, (max-width: 330px) 100vw, 330px\" \/><\/a><h2 class=\"clearfix with_number\"><a href=\"https:\/\/revistamarcas.net\/?p=2770\" title=\"YANGO, A la conquista de Venezuela\">YANGO, A la conquista de Venezuela<\/a><a href=\"https:\/\/revistamarcas.net\/?p=2770#respond\" title=\"0 comments\" class=\"comments_number\">0<span class=\"arrow_comments\"><\/span><\/a><\/h2><ul class=\"post_details\"><li class=\"category\"><a class=\"category-432\" href=\"https:\/\/revistamarcas.net\/?cat=432\" title=\"Lo que lee en esta web no es una adaptaci\u00f3n, sino el contenido original que nuestros suscriptores disfrutan en primicia. \">Articulos<\/a>, <a class=\"category-44\" href=\"https:\/\/revistamarcas.net\/?cat=44\" title=\"Gente J\u00f3ven\">Emprendimiento<\/a>, <a class=\"category-43\" href=\"https:\/\/revistamarcas.net\/?cat=43\" title=\"Notas de prensa\">Movida<\/a>, <a class=\"category-47\" href=\"https:\/\/revistamarcas.net\/?cat=47\" title=\"Casos Interesantes\">Mundo<\/a><\/li><li class=\"date\">29\/12\/2025<\/li><\/ul><p>Yango Ride es un servicio de traslado de particulares que forma parte de la empresa global de tecnolog\u00eda Yango Group. <\/p>\n<a title=\"READ MORE\" href=\"https:\/\/revistamarcas.net\/?p=2770\" class=\"read_more\"><span class=\"arrow\"><\/span><span>READ MORE<\/span><\/a><\/li><\/ul><\/div><\/div><div class='pagination_container clearfix ajax theme_blog_2_columns_pagination page_margin_top'><ul class='pagination'><li class='selected'><a href='https:\/\/revistamarcas.net\/index.php?rest_route=%2Fwp%2Fv2%2Fpages%2F105' data-page='1'>1<\/a><\/li><li><a href='https:\/\/revistamarcas.net\/index.php?rest_route=%2Fwp%2Fv2%2Fpages%2F105&#038;paged=2' data-page='2'>2<\/a><\/li><li><a href='https:\/\/revistamarcas.net\/index.php?rest_route=%2Fwp%2Fv2%2Fpages%2F105&#038;paged=3' data-page='3'>3<\/a><\/li><li class='pr_pagination_next'><a href='https:\/\/revistamarcas.net\/index.php?rest_route=%2Fwp%2Fv2%2Fpages%2F105&#038;paged=2' data-page='2'>&rsaquo;<\/a><\/li><li class='pr_pagination_last'><a href='https:\/\/revistamarcas.net\/index.php?rest_route=%2Fwp%2Fv2%2Fpages%2F105&#038;paged=23' data-page='23'>&raquo;<\/a><\/li><\/ul><span class='pr_preloader pagination_preloader'><\/span><\/div><input type=\"hidden\" name=\"theme_blog_2_columns_pagination\" value=\"{&quot;pr_pagination&quot;:&quot;1&quot;,&quot;items_per_page&quot;:&quot;6&quot;,&quot;show_post_title&quot;:&quot;1&quot;,&quot;show_post_excerpt&quot;:&quot;1&quot;,&quot;read_more&quot;:&quot;1&quot;,&quot;show_post_categories&quot;:&quot;1&quot;,&quot;show_post_author&quot;:&quot;0&quot;,&quot;show_post_date&quot;:&quot;1&quot;,&quot;show_post_comments_box&quot;:&quot;1&quot;,&quot;monthnum&quot;:&quot;&quot;,&quot;day&quot;:&quot;&quot;,&quot;year&quot;:&quot;&quot;,&quot;w&quot;:&quot;&quot;,&quot;page_uri&quot;:&quot;\\\/index.php?rest_route=%2Fwp%2Fv2%2Fpages%2F105&quot;}\" \/>[\/vc_column][vc_column width=\u00bb1\/3&#8243;][vc_tabs top_margin=\u00bbpage_margin_top\u00bb el_class=\u00bbno_scroll\u00bb][vc_tab title=\u00bbMost Read\u00bb tab_id=\u00bbsidebar-most-read\u00bb]<ul class=\"blog rating clearfix page_margin_top\"><li class=\"post\"><a href=\"https:\/\/revistamarcas.net\/?p=1691\" title=\"Nestl\u00e9 llen\u00f3 de diversi\u00f3n la IX edici\u00f3n del Marat\u00f3n CAF 2025\"><img loading=\"lazy\" decoding=\"async\" width=\"510\" height=\"187\" src=\"https:\/\/revistamarcas.net\/wp-content\/uploads\/2025\/02\/Nestle-Marathon-510x187.jpg\" class=\"attachment-blog-post-thumb-medium size-blog-post-thumb-medium wp-post-image\" alt=\"YANGO, A la conquista de Venezuela\" title=\"\" \/><\/a><div class=\"post_content\">\r\n\t\t\t\t<span class=\"number animated_element\" data-value=\"524\"><\/span>\r\n\t\t\t\t<h5><a href=\"https:\/\/revistamarcas.net\/?p=1691\" title=\"Nestl\u00e9 llen\u00f3 de diversi\u00f3n la IX edici\u00f3n del Marat\u00f3n CAF 2025\">Nestl\u00e9 llen\u00f3 de diversi\u00f3n la IX edici\u00f3n del Marat\u00f3n CAF 2025<\/a><\/h5><ul class=\"post_details simple\"><li class=\"category\"><a class=\"category-2\" href=\"https:\/\/revistamarcas.net\/?cat=2\" title=\"salud, bienestar, belleza, estilo de vida, entrenemiento\">Estilo 360<\/a>, <a class=\"category-38\" href=\"https:\/\/revistamarcas.net\/?cat=38\" title=\"View all posts filed under Galeria\">Galeria<\/a>, <a class=\"category-43\" href=\"https:\/\/revistamarcas.net\/?cat=43\" title=\"Notas de prensa\">Movida<\/a><\/li><li class=\"date\">19\/02\/2025<\/li><\/ul><\/div><\/li><li class=\"post\"><div class=\"post_content\">\r\n\t\t\t\t<span class=\"number animated_element\" data-value=\"520\"><\/span>\r\n\t\t\t\t<h5><a href=\"https:\/\/revistamarcas.net\/?p=329\" title=\"Our favorites from the Geneva Motor Show\">Our favorites from the Geneva Motor Show<\/a><\/h5><ul class=\"post_details simple\"><li class=\"category container-category-33\"><a class=\"category-33\" href=\"https:\/\/revistamarcas.net\/?cat=33\" title=\"todo lo relacionado con el Turismo, los viajes, y las experiencias\">Boarding Pass<\/a><\/li><li class=\"date\">22\/11\/2014<\/li><\/ul><\/div><\/li><li class=\"post\"><div class=\"post_content\">\r\n\t\t\t\t<span class=\"number animated_element\" data-value=\"497\"><\/span>\r\n\t\t\t\t<h5><a href=\"https:\/\/revistamarcas.net\/?p=1708\" title=\"Furla, m\u00e1s \u00edntima y totalmente atemporal\">Furla, m\u00e1s \u00edntima y totalmente atemporal<\/a><\/h5><ul class=\"post_details simple\"><li class=\"category container-category-2\"><a class=\"category-2\" href=\"https:\/\/revistamarcas.net\/?cat=2\" title=\"salud, bienestar, belleza, estilo de vida, entrenemiento\">Estilo 360<\/a><\/li><li class=\"date\">18\/03\/2025<\/li><\/ul><\/div><\/li><li class=\"post\"><div class=\"post_content\">\r\n\t\t\t\t<span class=\"number animated_element\" data-value=\"483\"><\/span>\r\n\t\t\t\t<h5><a href=\"https:\/\/revistamarcas.net\/?p=1642\" title=\"Digitel la implementaci\u00f3n de la tecnolog\u00eda 5G en Venezuela\">Digitel la implementaci\u00f3n de la tecnolog\u00eda 5G en Venezuela<\/a><\/h5><ul class=\"post_details simple\"><li class=\"category container-category-38\"><a class=\"category-38\" href=\"https:\/\/revistamarcas.net\/?cat=38\" title=\"View all posts filed under Galeria\">Galeria<\/a><\/li><li class=\"date\">17\/02\/2025<\/li><\/ul><\/div><\/li><li class=\"post\"><div class=\"post_content\">\r\n\t\t\t\t<span class=\"number animated_element\" data-value=\"483\"><\/span>\r\n\t\t\t\t<h5><a href=\"https:\/\/revistamarcas.net\/?p=995\" title=\"Battle over mobile payments is raging\">Battle over mobile payments is raging<\/a><\/h5><ul class=\"post_details simple\"><li class=\"category container-category-45\"><a class=\"category-45\" href=\"https:\/\/revistamarcas.net\/?cat=45\" title=\"View all posts filed under Universidad\">Universidad<\/a><\/li><li class=\"date\">05\/08\/2014<\/li><\/ul><\/div><\/li><\/ul><a class=\"more page_margin_top\" href=\"http:\/\/quanticalabs.com\/wp_themes\/pressroom\/blog\/\" title=\"SHOW MORE\">SHOW MORE<\/a>[\/vc_tab][vc_tab title=\u00bbCommented\u00bb tab_id=\u00bbsidebar-most-commented\u00bb]<ul class=\"blog rating clearfix page_margin_top\"><\/ul><a class=\"more page_margin_top\" href=\"http:\/\/quanticalabs.com\/wp_themes\/pressroom\/blog\/\" title=\"SHOW MORE\">SHOW MORE<\/a>[\/vc_tab][\/vc_tabs]<h4 class=\"box_header page_margin_top_section\">Latest Posts<\/h4><div class=\"vertical_carousel_container clearfix\"><ul class=\"blog small vertical_carousel visible-3 autoplay-0 pause_on_hover-1 scroll-1\"><li class=\"post\">\r\n\t\t\t<a href=\"https:\/\/revistamarcas.net\/?p=8798\" title=\"Propuesta Editorial y Comercial 2026\" class=\"post_image clearfix\"><\/a><div class=\"post_content\"><h5><a href=\"https:\/\/revistamarcas.net\/?p=8798\" title=\"Propuesta Editorial y Comercial 2026\">Propuesta Editorial y Comercial 2026<\/a><\/h5>\r\n\t\t\t<ul class=\"post_details simple\"><li class=\"category container-category-480\"><a class=\"category-480\" href=\"https:\/\/revistamarcas.net\/?cat=480\" title=\"Informaci\u00f3n Exclusiva\r\n\">Privada<\/a><\/li><li class=\"date\">24\/01\/2026<\/li>\r\n\t\t\t<\/ul><\/div><\/li><li class=\"post\">\r\n\t\t\t<a href=\"https:\/\/revistamarcas.net\/?p=2806\" title=\"Edicion 054\" class=\"post_image clearfix\"><img loading=\"lazy\" decoding=\"async\" width=\"100\" height=\"100\" src=\"https:\/\/revistamarcas.net\/wp-content\/uploads\/2025\/12\/PORTADA-FINAL-4-100x100.jpg\" class=\"attachment-pressroom-small-thumb size-pressroom-small-thumb wp-post-image\" alt=\"Edicion 054\" title=\"\" srcset=\"https:\/\/revistamarcas.net\/wp-content\/uploads\/2025\/12\/PORTADA-FINAL-4-100x100.jpg 100w, https:\/\/revistamarcas.net\/wp-content\/uploads\/2025\/12\/PORTADA-FINAL-4-300x300.jpg 300w, https:\/\/revistamarcas.net\/wp-content\/uploads\/2025\/12\/PORTADA-FINAL-4-150x150.jpg 150w, https:\/\/revistamarcas.net\/wp-content\/uploads\/2025\/12\/PORTADA-FINAL-4-768x767.jpg 768w, https:\/\/revistamarcas.net\/wp-content\/uploads\/2025\/12\/PORTADA-FINAL-4-524x524.jpg 524w, https:\/\/revistamarcas.net\/wp-content\/uploads\/2025\/12\/PORTADA-FINAL-4.jpg 902w\" sizes=\"auto, (max-width: 100px) 100vw, 100px\" \/><\/a><div class=\"post_content\"><h5><a href=\"https:\/\/revistamarcas.net\/?p=2806\" title=\"Edicion 054\">Edicion 054<\/a><\/h5>\r\n\t\t\t<ul class=\"post_details simple\"><li class=\"category container-category-145\"><a class=\"category-145\" href=\"https:\/\/revistamarcas.net\/?cat=145\" title=\"Articulos de la revista\">Revista<\/a><\/li><li class=\"date\">06\/01\/2026<\/li>\r\n\t\t\t<\/ul><\/div><\/li><li class=\"post\">\r\n\t\t\t<a href=\"https:\/\/revistamarcas.net\/?p=2804\" title=\"Edici\u00f3n 053\" class=\"post_image clearfix\"><img loading=\"lazy\" decoding=\"async\" width=\"100\" height=\"100\" src=\"https:\/\/revistamarcas.net\/wp-content\/uploads\/2025\/11\/PORTADA-FINAL-3-100x100.jpg\" class=\"attachment-pressroom-small-thumb size-pressroom-small-thumb wp-post-image\" alt=\"Edici\u00f3n 053\" title=\"\" srcset=\"https:\/\/revistamarcas.net\/wp-content\/uploads\/2025\/11\/PORTADA-FINAL-3-100x100.jpg 100w, https:\/\/revistamarcas.net\/wp-content\/uploads\/2025\/11\/PORTADA-FINAL-3-300x300.jpg 300w, https:\/\/revistamarcas.net\/wp-content\/uploads\/2025\/11\/PORTADA-FINAL-3-150x150.jpg 150w, https:\/\/revistamarcas.net\/wp-content\/uploads\/2025\/11\/PORTADA-FINAL-3-768x767.jpg 768w, https:\/\/revistamarcas.net\/wp-content\/uploads\/2025\/11\/PORTADA-FINAL-3-524x524.jpg 524w, https:\/\/revistamarcas.net\/wp-content\/uploads\/2025\/11\/PORTADA-FINAL-3.jpg 902w\" sizes=\"auto, (max-width: 100px) 100vw, 100px\" \/><\/a><div class=\"post_content\"><h5><a href=\"https:\/\/revistamarcas.net\/?p=2804\" title=\"Edici\u00f3n 053\">Edici\u00f3n 053<\/a><\/h5>\r\n\t\t\t<ul class=\"post_details simple\"><li class=\"category container-category-145\"><a class=\"category-145\" href=\"https:\/\/revistamarcas.net\/?cat=145\" title=\"Articulos de la revista\">Revista<\/a><\/li><li class=\"date\">06\/01\/2026<\/li>\r\n\t\t\t<\/ul><\/div><\/li><li class=\"post\">\r\n\t\t\t<a href=\"https:\/\/revistamarcas.net\/?p=2800\" title=\"Edici\u00f3n 052\" class=\"post_image clearfix\"><img loading=\"lazy\" decoding=\"async\" width=\"100\" height=\"100\" src=\"https:\/\/revistamarcas.net\/wp-content\/uploads\/2025\/08\/PORTADA-052-100x100.jpeg\" class=\"attachment-pressroom-small-thumb size-pressroom-small-thumb wp-post-image\" alt=\"Edici\u00f3n 052\" title=\"\" srcset=\"https:\/\/revistamarcas.net\/wp-content\/uploads\/2025\/08\/PORTADA-052-100x100.jpeg 100w, https:\/\/revistamarcas.net\/wp-content\/uploads\/2025\/08\/PORTADA-052-300x300.jpeg 300w, https:\/\/revistamarcas.net\/wp-content\/uploads\/2025\/08\/PORTADA-052-150x150.jpeg 150w, https:\/\/revistamarcas.net\/wp-content\/uploads\/2025\/08\/PORTADA-052-768x768.jpeg 768w, https:\/\/revistamarcas.net\/wp-content\/uploads\/2025\/08\/PORTADA-052-524x524.jpeg 524w, https:\/\/revistamarcas.net\/wp-content\/uploads\/2025\/08\/PORTADA-052.jpeg 865w\" sizes=\"auto, (max-width: 100px) 100vw, 100px\" \/><\/a><div class=\"post_content\"><h5><a href=\"https:\/\/revistamarcas.net\/?p=2800\" title=\"Edici\u00f3n 052\">Edici\u00f3n 052<\/a><\/h5>\r\n\t\t\t<ul class=\"post_details simple\"><li class=\"category container-category-145\"><a class=\"category-145\" href=\"https:\/\/revistamarcas.net\/?cat=145\" title=\"Articulos de la revista\">Revista<\/a><\/li><li class=\"date\">06\/01\/2026<\/li>\r\n\t\t\t<\/ul><\/div><\/li><li class=\"post\">\r\n\t\t\t<a href=\"https:\/\/revistamarcas.net\/?p=2798\" title=\"Edici\u00f3n 051\" class=\"post_image clearfix\"><img loading=\"lazy\" decoding=\"async\" width=\"100\" height=\"100\" src=\"https:\/\/revistamarcas.net\/wp-content\/uploads\/2025\/02\/Marcas-051-100x100.jpg\" class=\"attachment-pressroom-small-thumb size-pressroom-small-thumb wp-post-image\" alt=\"Edici\u00f3n 051\" title=\"\" srcset=\"https:\/\/revistamarcas.net\/wp-content\/uploads\/2025\/02\/Marcas-051-100x100.jpg 100w, https:\/\/revistamarcas.net\/wp-content\/uploads\/2025\/02\/Marcas-051-300x300.jpg 300w, https:\/\/revistamarcas.net\/wp-content\/uploads\/2025\/02\/Marcas-051-150x150.jpg 150w, https:\/\/revistamarcas.net\/wp-content\/uploads\/2025\/02\/Marcas-051-768x768.jpg 768w, https:\/\/revistamarcas.net\/wp-content\/uploads\/2025\/02\/Marcas-051-524x524.jpg 524w, https:\/\/revistamarcas.net\/wp-content\/uploads\/2025\/02\/Marcas-051.jpg 1024w\" sizes=\"auto, (max-width: 100px) 100vw, 100px\" \/><\/a><div class=\"post_content\"><h5><a href=\"https:\/\/revistamarcas.net\/?p=2798\" title=\"Edici\u00f3n 051\">Edici\u00f3n 051<\/a><\/h5>\r\n\t\t\t<ul class=\"post_details simple\"><li class=\"category container-category-145\"><a class=\"category-145\" href=\"https:\/\/revistamarcas.net\/?cat=145\" title=\"Articulos de la revista\">Revista<\/a><\/li><li class=\"date\">06\/01\/2026<\/li>\r\n\t\t\t<\/ul><\/div><\/li><\/ul><\/div><h4 class=\"box_header page_margin_top_section\">Top Authors<\/h4><ul class=\"authors rating clearfix\"><li class=\"single-author\">\r\n\t\t\t\t<a class=\"thumb\" href=\"https:\/\/revistamarcas.net\/?author=2\" title=\"Ana Iriza\"><img alt='' src='https:\/\/secure.gravatar.com\/avatar\/0021d539853dd1b61962f730cd5952d576ef5679fd688b04a17064a0a03dd35e?s=100&#038;d=mm&#038;r=g' srcset='https:\/\/secure.gravatar.com\/avatar\/0021d539853dd1b61962f730cd5952d576ef5679fd688b04a17064a0a03dd35e?s=200&#038;d=mm&#038;r=g 2x' class='avatar avatar-100 photo' height='100' width='100' \/><span class=\"number animated_element\" data-value=\"71\"><\/span><\/a>\r\n\t\t\t\t<div class=\"details\">\r\n\t\t\t\t\t<h5><a href=\"https:\/\/revistamarcas.net\/?author=2\" title=\"Ana Iriza\">Ana Iriza<\/a><\/h5>\r\n\t\t\t\t\t<h6>ADMINISTRATOR<\/h6>\r\n\t\t\t\t<\/div>\r\n\t\t\t<\/li><li class=\"single-author\">\r\n\t\t\t\t<a class=\"thumb\" href=\"https:\/\/revistamarcas.net\/?author=3\" title=\"Edgar Rincon\"><img alt='' src='https:\/\/secure.gravatar.com\/avatar\/91829f0eaa1192a8203f4cdf794e1dd01f54c845b9e47442a6045489eee584e9?s=100&#038;d=mm&#038;r=g' srcset='https:\/\/secure.gravatar.com\/avatar\/91829f0eaa1192a8203f4cdf794e1dd01f54c845b9e47442a6045489eee584e9?s=200&#038;d=mm&#038;r=g 2x' class='avatar avatar-100 photo' height='100' width='100' \/><span class=\"number animated_element\" data-value=\"29\"><\/span><\/a>\r\n\t\t\t\t<div class=\"details\">\r\n\t\t\t\t\t<h5><a href=\"https:\/\/revistamarcas.net\/?author=3\" title=\"Edgar Rincon\">Edgar Rincon<\/a><\/h5>\r\n\t\t\t\t\t<h6>ADMINISTRATOR<\/h6>\r\n\t\t\t\t<\/div>\r\n\t\t\t<\/li><li class=\"single-author\">\r\n\t\t\t\t<a class=\"thumb\" href=\"https:\/\/revistamarcas.net\/?author=8\" title=\"Revista Marcas\"><img alt='' src='https:\/\/secure.gravatar.com\/avatar\/9becf47e9c062715e5cf1b6713705811b8d616de22a9552d77a20d938854ade4?s=100&#038;d=mm&#038;r=g' srcset='https:\/\/secure.gravatar.com\/avatar\/9becf47e9c062715e5cf1b6713705811b8d616de22a9552d77a20d938854ade4?s=200&#038;d=mm&#038;r=g 2x' class='avatar avatar-100 photo' height='100' width='100' \/><span class=\"number animated_element\" data-value=\"28\"><\/span><\/a>\r\n\t\t\t\t<div class=\"details\">\r\n\t\t\t\t\t<h5><a href=\"https:\/\/revistamarcas.net\/?author=8\" title=\"Revista Marcas\">Revista Marcas<\/a><\/h5>\r\n\t\t\t\t\t<h6>ADMINISTRATOR<\/h6>\r\n\t\t\t\t<\/div>\r\n\t\t\t<\/li><li class=\"single-author\">\r\n\t\t\t\t<a class=\"thumb\" href=\"https:\/\/revistamarcas.net\/?author=4\" title=\"Alexandra Castillo\"><img alt='' src='https:\/\/secure.gravatar.com\/avatar\/443f3815f6f84ddfa80c7e02746b2b7b5302f07ab4ffed08d095b72f83041523?s=100&#038;d=mm&#038;r=g' srcset='https:\/\/secure.gravatar.com\/avatar\/443f3815f6f84ddfa80c7e02746b2b7b5302f07ab4ffed08d095b72f83041523?s=200&#038;d=mm&#038;r=g 2x' class='avatar avatar-100 photo' height='100' width='100' \/><span class=\"number animated_element\" data-value=\"6\"><\/span><\/a>\r\n\t\t\t\t<div class=\"details\">\r\n\t\t\t\t\t<h5><a href=\"https:\/\/revistamarcas.net\/?author=4\" title=\"Alexandra Castillo\">Alexandra Castillo<\/a><\/h5>\r\n\t\t\t\t\t<h6>EDITOR<\/h6>\r\n\t\t\t\t<\/div>\r\n\t\t\t<\/li><\/ul>[\/vc_column][\/vc_row]<\/p>\n<\/div>","protected":false},"excerpt":{"rendered":"<p>[vc_row][vc_column][\/vc_column][\/vc_row][vc_row][vc_column width=\u00bb2\/3&#8243;][\/vc_column][vc_column width=\u00bb1\/3&#8243;][vc_tabs top_margin=\u00bbpage_margin_top\u00bb el_class=\u00bbno_scroll\u00bb][vc_tab title=\u00bbMost Read\u00bb tab_id=\u00bbsidebar-most-read\u00bb][\/vc_tab][vc_tab title=\u00bbCommented\u00bb tab_id=\u00bbsidebar-most-commented\u00bb][\/vc_tab][\/vc_tabs][\/vc_column][\/vc_row]<\/p>\n","protected":false},"author":2,"featured_media":0,"parent":0,"menu_order":0,"comment_status":"open","ping_status":"open","template":"template-blog.php","meta":{"footnotes":""},"class_list":["post-105","page","type-page","status-publish","hentry"],"_links":{"self":[{"href":"https:\/\/revistamarcas.net\/index.php?rest_route=\/wp\/v2\/pages\/105","targetHints":{"allow":["GET"]}}],"collection":[{"href":"https:\/\/revistamarcas.net\/index.php?rest_route=\/wp\/v2\/pages"}],"about":[{"href":"https:\/\/revistamarcas.net\/index.php?rest_route=\/wp\/v2\/types\/page"}],"author":[{"embeddable":true,"href":"https:\/\/revistamarcas.net\/index.php?rest_route=\/wp\/v2\/users\/2"}],"replies":[{"embeddable":true,"href":"https:\/\/revistamarcas.net\/index.php?rest_route=%2Fwp%2Fv2%2Fcomments&post=105"}],"version-history":[{"count":1,"href":"https:\/\/revistamarcas.net\/index.php?rest_route=\/wp\/v2\/pages\/105\/revisions"}],"predecessor-version":[{"id":1851,"href":"https:\/\/revistamarcas.net\/index.php?rest_route=\/wp\/v2\/pages\/105\/revisions\/1851"}],"wp:attachment":[{"href":"https:\/\/revistamarcas.net\/index.php?rest_route=%2Fwp%2Fv2%2Fmedia&parent=105"}],"curies":[{"name":"wp","href":"https:\/\/api.w.org\/{rel}","templated":true}]}}