{"id":1465,"date":"2025-02-15T10:49:16","date_gmt":"2025-02-15T14:49:16","guid":{"rendered":"http:\/\/revistamarca.heros-technology.com\/?page_id=1465"},"modified":"2025-02-17T11:38:42","modified_gmt":"2025-02-17T15:38:42","slug":"quienes-somos-2","status":"publish","type":"page","link":"https:\/\/revistamarcas.net\/?page_id=1465","title":{"rendered":"\u00bfQui\u00e9nes Somos?"},"content":{"rendered":"<div class=\"wpb-content-wrapper\"><p>[vc_row][vc_column]<div class=\"divider_block clearfix page_margin_top\"><hr class=\"divider first\"><hr class=\"divider subheader_arrow\"><hr class=\"divider last\"><\/div><h4 class=\"box_header\">Revista MARCAS<\/h4>[\/vc_column][\/vc_row][vc_row][vc_column width=\u00bb1\/2&#8243;]<div class=\"clearfix page_margin_top_section item_content\"><span class=\"features_icon printer animated_element animation-scale\"><\/span><h3 class=\"page_margin_top\">Donde los negocios, el branding y la creatividad se unen<\/h3><p class=\"text padding_top_0 page_margin_top\"><strong>La Revista Marcas<\/strong> es una publicaci\u00f3n de vanguardia, dedicada a explorar y destacar, desde 2003, lo mejor en negocios, productos, branding, publicidad y mercadeo.<\/p>\n<p>En un mundo empresarial en constante evoluci\u00f3n, <strong>Marcas<\/strong>, como se ha posicionado entre su audiencia, representa una gu\u00eda esencial para los l\u00edderes del sector, especialistas, empresas y j\u00f3venes universitarios, brindando contenido de alta calidad que inspira y educa.<\/p>\n<p><strong>Misi\u00f3n:<\/strong> inspirar e informar a trav\u00e9s de contenido de alta calidad y estrategias innovadoras.<\/p><\/div>[\/vc_column][vc_column width=\u00bb1\/2&#8243;][vc_single_image image=\u00bb1605&#8243; img_size=\u00bbLarge\u00bb alignment=\u00bbcenter\u00bb css=\u00bb\u00bb title=\u00bbRevista MARCAS\u00bb][\/vc_column][\/vc_row][vc_row][vc_column]<hr class=\"divider\">[\/vc_column][\/vc_row][vc_row][vc_column width=\u00bb1\/4&#8243;]<div class=\"item_content clearfix\"><span title=\"Direcci\u00f3n General\" class=\"features_icon graph animated_element animation-scale\"><\/span><div class=\"text\"><h3>Direcci\u00f3n General<\/h3><p>Encargada de dar los lineamientos claves para la producci\u00f3n de la publicaci\u00f3n.<\/p><\/div><\/div>[\/vc_column][vc_column width=\u00bb1\/4&#8243;]<div class=\"item_content clearfix\"><span title=\"Direcci\u00f3n Comercial\" class=\"features_icon document animated_element animation-scale\"><\/span><div class=\"text\"><h3>Direcci\u00f3n Comercial<\/h3><p>Pieza importante para la comercializaci\u00f3n de los espacios publicitarios, indispensable para la rentabilidad de la revista.<\/p><\/div><\/div>[\/vc_column][vc_column width=\u00bb1\/4&#8243;]<div class=\"item_content clearfix\"><span title=\"Direcci\u00f3n Editorial\" class=\"features_icon laptop animated_element animation-scale\"><\/span><div class=\"text\"><h3>Direcci\u00f3n Editorial<\/h3><p>Encargada de establecer e identificar los temas y art\u00edculos para las diferentes<br \/>\nediciiones, que sean relevantes para las audiencias.<\/p><\/div><\/div>[\/vc_column][vc_column width=\u00bb1\/4&#8243;]<div class=\"item_content clearfix\"><span title=\"Direcci\u00f3n Creativa\" class=\"features_icon screen animated_element animation-scale\"><\/span><div class=\"text\"><h3>Direcci\u00f3n Creativa<\/h3><p>Responsable de desarrollarun concepto gr\u00e1fico atractivo y moderno, con una identidad gr\u00e1fica inconfundible.<\/p><\/div><\/div>[\/vc_column][\/vc_row][vc_row][vc_column]<hr class=\"divider\"><h4 class=\"box_header\">\u00c9sta es la diferencia<\/h4>[vc_raw_html css=\u00bb\u00bb]JTNDaHRtbCUyMGxhbmclM0QlMjJlcyUyMiUzRSUwQSUzQ2hlYWQlM0UlMEElMjAlMjAlMjAlMjAlM0NtZXRhJTIwY2hhcnNldCUzRCUyMlVURi04JTIyJTNFJTBBJTIwJTIwJTIwJTIwJTNDbWV0YSUyMG5hbWUlM0QlMjJ2aWV3cG9ydCUyMiUyMGNvbnRlbnQlM0QlMjJ3aWR0aCUzRGRldmljZS13aWR0aCUyQyUyMGluaXRpYWwtc2NhbGUlM0QxLjAlMjIlM0UlMEElMjAlMjAlMjAlMjAlM0N0aXRsZSUzRUNhcmFjdGVyJUMzJUFEc3RpY2FzJTIwZGUlMjBsYSUyMFJldmlzdGElMjBJbXByZXNhJTNDJTJGdGl0bGUlM0UlMEElMjAlMjAlMjAlMjAlM0NzdHlsZSUzRSUwQSUyMCUyMCUyMCUyMCUyMCUyMCUyMCUyMGJvZHklMjAlN0IlMEElMjAlMjAlMjAlMjAlMjAlMjAlMjAlMjAlMjAlMjAlMjAlMjBmb250LWZhbWlseSUzQSUyMEFyaWFsJTJDJTIwc2Fucy1zZXJpZiUzQiUwQSUyMCUyMCUyMCUyMCUyMCUyMCUyMCUyMCUyMCUyMCUyMCUyMGxpbmUtaGVpZ2h0JTNBJTIwMS42JTNCJTBBJTIwJTIwJTIwJTIwJTIwJTIwJTIwJTIwJTIwJTIwJTIwJTIwbWFyZ2luJTNBJTIwMjBweCUzQiUwQSUyMCUyMCUyMCUyMCUyMCUyMCUyMCUyMCU3RCUwQSUyMCUyMCUyMCUyMCUyMCUyMCUyMCUyMC5jb250YWluZXIlMjAlN0IlMEElMjAlMjAlMjAlMjAlMjAlMjAlMjAlMjAlMjAlMjAlMjAlMjB3aWR0aCUzQSUyMDYwJTI1JTNCJTBBJTIwJTIwJTIwJTIwJTIwJTIwJTIwJTIwJTIwJTIwJTIwJTIwbWFyZ2luJTNBJTIwYXV0byUzQiUwQSUyMCUyMCUyMCUyMCUyMCUyMCUyMCUyMCUyMCUyMCUyMCUyMHBhZGRpbmclM0ElMjAyMHB4JTNCJTBBJTIwJTIwJTIwJTIwJTIwJTIwJTIwJTIwJTIwJTIwJTIwJTIwYm9yZGVyJTNBJTIwMXB4JTIwc29saWQlMjAlMjNjY2MlM0IlMEElMjAlMjAlMjAlMjAlMjAlMjAlMjAlMjAlMjAlMjAlMjAlMjBib3gtc2hhZG93JTNBJTIwMCUyMDAlMjAxMHB4JTIwcmdiYSUyODAlMkMwJTJDMCUyQzAuMSUyOSUzQiUwQSUyMCUyMCUyMCUyMCUyMCUyMCUyMCUyMCU3RCUwQSUyMCUyMCUyMCUyMCUyMCUyMCUyMCUyMC50aXRsZSUyMCU3QiUwQSUyMCUyMCUyMCUyMCUyMCUyMCUyMCUyMCUyMCUyMCUyMCUyMGZvbnQtc2l6ZSUzQSUyMDI0cHglM0IlMEElMjAlMjAlMjAlMjAlMjAlMjAlMjAlMjAlMjAlMjAlMjAlMjB0ZXh0LWFsaWduJTNBJTIwY2VudGVyJTNCJTBBJTIwJTIwJTIwJTIwJTIwJTIwJTIwJTIwJTIwJTIwJTIwJTIwbWFyZ2luLWJvdHRvbSUzQSUyMDIwcHglM0IlMEElMjAlMjAlMjAlMjAlMjAlMjAlMjAlMjAlN0QlMEElMjAlMjAlMjAlMjAlMjAlMjAlMjAlMjAuaXRlbSUyMCU3QiUwQSUyMCUyMCUyMCUyMCUyMCUyMCUyMCUyMCUyMCUyMCUyMCUyMG1hcmdpbi1ib3R0b20lM0ElMjAxMHB4JTNCJTBBJTIwJTIwJTIwJTIwJTIwJTIwJTIwJTIwJTdEJTBBJTIwJTIwJTIwJTIwJTIwJTIwJTIwJTIwLml0ZW0lMjBzcGFuJTIwJTdCJTBBJTIwJTIwJTIwJTIwJTIwJTIwJTIwJTIwJTIwJTIwJTIwJTIwZm9udC13ZWlnaHQlM0ElMjBib2xkJTNCJTBBJTIwJTIwJTIwJTIwJTIwJTIwJTIwJTIwJTdEJTBBJTIwJTIwJTIwJTIwJTNDJTJGc3R5bGUlM0UlMEElM0MlMkZoZWFkJTNFJTBBJTNDYm9keSUzRSUwQSUyMCUyMCUyMCUyMCUzQ2RpdiUyMGNsYXNzJTNEJTIyY29udGFpbmVyJTIyJTNFJTBBJTIwJTIwJTIwJTIwJTIwJTIwJTIwJTIwJTNDZGl2JTIwY2xhc3MlM0QlMjJ0aXRsZSUyMiUzRUNhcmFjdGVyJUMzJUFEc3RpY2FzJTIwZGUlMjBsYSUyMFJldmlzdGElMjBJbXByZXNhJTNDJTJGZGl2JTNFJTBBJTIwJTIwJTIwJTIwJTIwJTIwJTIwJTIwJTNDZGl2JTIwY2xhc3MlM0QlMjJpdGVtJTIyJTNFJTNDc3BhbiUzRURpbWVuc2lvbmVzJTNBJTNDJTJGc3BhbiUzRSUyMDIxJTIwY20lMjB4JTIwMjElMjBjbSUzQyUyRmRpdiUzRSUwQSUyMCUyMCUyMCUyMCUyMCUyMCUyMCUyMCUzQ2RpdiUyMGNsYXNzJTNEJTIyaXRlbSUyMiUzRSUzQ3NwYW4lM0VMb21vJTNBJTNDJTJGc3BhbiUzRSUyMEN1YWRyYWRvJTNDJTJGZGl2JTNFJTBBJTIwJTIwJTIwJTIwJTIwJTIwJTIwJTIwJTNDZGl2JTIwY2xhc3MlM0QlMjJpdGVtJTIyJTNFJTNDc3BhbiUzRUludGVyaW9yJTNBJTNDJTJGc3BhbiUzRSUyMFBhcGVsJTIwZ2xhcyVDMyVBOSUyMDkwJTIwJTJGJTIwRnVsbCUyMENvbG9yJTNDJTJGZGl2JTNFJTBBJTIwJTIwJTIwJTIwJTIwJTIwJTIwJTIwJTNDZGl2JTIwY2xhc3MlM0QlMjJpdGVtJTIyJTNFJTNDc3BhbiUzRVBvcnRhZGElMjB5JTIwQ29udHJhcG9ydGFkYSUzQSUzQyUyRnNwYW4lM0UlMjBQYXBlbCUyMGdsYXMlQzMlQTklMjAxNTAlMkMlMjBsYW1pbmFkbyUyMGVuJTIwbWF0ZSUzQyUyRmRpdiUzRSUwQSUyMCUyMCUyMCUyMCUyMCUyMCUyMCUyMCUzQ2RpdiUyMGNsYXNzJTNEJTIyaXRlbSUyMiUzRSUzQ3NwYW4lM0VQb3J0YWRhJTNBJTNDJTJGc3BhbiUzRSUyMEVsYWJvcmFkYSUyMHBvciUyMGFydGlzdGElMjBwbCVDMyVBMXN0aWNvLiUyMERpc2UlQzMlQjFvJTIwY29sZWNjaW9uYWJsZSUzQyUyRmRpdiUzRSUwQSUyMCUyMCUyMCUyMCUyMCUyMCUyMCUyMCUzQ2RpdiUyMGNsYXNzJTNEJTIyaXRlbSUyMiUzRSUzQ3NwYW4lM0VGcmVjdWVuY2lhJTNBJTNDJTJGc3BhbiUzRSUyMFRyaW1lc3RyYWwuJTIwQ3VhdHJvJTIwZWRpY2lvbmVzJTIwZW4lMjAyMDI1JTNDJTJGZGl2JTNFJTBBJTIwJTIwJTIwJTIwJTIwJTIwJTIwJTIwJTNDZGl2JTIwY2xhc3MlM0QlMjJpdGVtJTIyJTNFJTNDc3BhbiUzRVRpcmFqZSUzQSUzQyUyRnNwYW4lM0UlMjAxMDAwJTIwZWplbXBsYXJlcyUyMHBvciUyMGVkaWNpJUMzJUIzbiUzQyUyRmRpdiUzRSUwQSUyMCUyMCUyMCUyMCUzQyUyRmRpdiUzRSUwQSUzQyUyRmJvZHklM0UlMEElM0MlMkZodG1sJTNF[\/vc_raw_html][\/vc_column][\/vc_row]<\/p>\n<\/div>","protected":false},"excerpt":{"rendered":"<p>[vc_row][vc_column][\/vc_column][\/vc_row][vc_row][vc_column width=\u00bb1\/2&#8243;][\/vc_column][vc_column width=\u00bb1\/2&#8243;][vc_single_image image=\u00bb1605&#8243; img_size=\u00bbLarge\u00bb alignment=\u00bbcenter\u00bb css=\u00bb\u00bb title=\u00bbRevista MARCAS\u00bb][\/vc_column][\/vc_row][vc_row][vc_column][\/vc_column][\/vc_row][vc_row][vc_column width=\u00bb1\/4&#8243;][\/vc_column][vc_column width=\u00bb1\/4&#8243;][\/vc_column][vc_column width=\u00bb1\/4&#8243;][\/vc_column][vc_column width=\u00bb1\/4&#8243;][\/vc_column][\/vc_row][vc_row][vc_column][vc_raw_html css=\u00bb\u00bb]JTNDaHRtbCUyMGxhbmclM0QlMjJlcyUyMiUzRSUwQSUzQ2hlYWQlM0UlMEElMjAlMjAlMjAlMjAlM0NtZXRhJTIwY2hhcnNldCUzRCUyMlVURi04JTIyJTNFJTBBJTIwJTIwJTIwJTIwJTNDbWV0YSUyMG5hbWUlM0QlMjJ2aWV3cG9ydCUyMiUyMGNvbnRlbnQlM0QlMjJ3aWR0aCUzRGRldmljZS13aWR0aCUyQyUyMGluaXRpYWwtc2NhbGUlM0QxLjAlMjIlM0UlMEElMjAlMjAlMjAlMjAlM0N0aXRsZSUzRUNhcmFjdGVyJUMzJUFEc3RpY2FzJTIwZGUlMjBsYSUyMFJldmlzdGElMjBJbXByZXNhJTNDJTJGdGl0bGUlM0UlMEElMjAlMjAlMjAlMjAlM0NzdHlsZSUzRSUwQSUyMCUyMCUyMCUyMCUyMCUyMCUyMCUyMGJvZHklMjAlN0IlMEElMjAlMjAlMjAlMjAlMjAlMjAlMjAlMjAlMjAlMjAlMjAlMjBmb250LWZhbWlseSUzQSUyMEFyaWFsJTJDJTIwc2Fucy1zZXJpZiUzQiUwQSUyMCUyMCUyMCUyMCUyMCUyMCUyMCUyMCUyMCUyMCUyMCUyMGxpbmUtaGVpZ2h0JTNBJTIwMS42JTNCJTBBJTIwJTIwJTIwJTIwJTIwJTIwJTIwJTIwJTIwJTIwJTIwJTIwbWFyZ2luJTNBJTIwMjBweCUzQiUwQSUyMCUyMCUyMCUyMCUyMCUyMCUyMCUyMCU3RCUwQSUyMCUyMCUyMCUyMCUyMCUyMCUyMCUyMC5jb250YWluZXIlMjAlN0IlMEElMjAlMjAlMjAlMjAlMjAlMjAlMjAlMjAlMjAlMjAlMjAlMjB3aWR0aCUzQSUyMDYwJTI1JTNCJTBBJTIwJTIwJTIwJTIwJTIwJTIwJTIwJTIwJTIwJTIwJTIwJTIwbWFyZ2luJTNBJTIwYXV0byUzQiUwQSUyMCUyMCUyMCUyMCUyMCUyMCUyMCUyMCUyMCUyMCUyMCUyMHBhZGRpbmclM0ElMjAyMHB4JTNCJTBBJTIwJTIwJTIwJTIwJTIwJTIwJTIwJTIwJTIwJTIwJTIwJTIwYm9yZGVyJTNBJTIwMXB4JTIwc29saWQlMjAlMjNjY2MlM0IlMEElMjAlMjAlMjAlMjAlMjAlMjAlMjAlMjAlMjAlMjAlMjAlMjBib3gtc2hhZG93JTNBJTIwMCUyMDAlMjAxMHB4JTIwcmdiYSUyODAlMkMwJTJDMCUyQzAuMSUyOSUzQiUwQSUyMCUyMCUyMCUyMCUyMCUyMCUyMCUyMCU3RCUwQSUyMCUyMCUyMCUyMCUyMCUyMCUyMCUyMC50aXRsZSUyMCU3QiUwQSUyMCUyMCUyMCUyMCUyMCUyMCUyMCUyMCUyMCUyMCUyMCUyMGZvbnQtc2l6ZSUzQSUyMDI0cHglM0IlMEElMjAlMjAlMjAlMjAlMjAlMjAlMjAlMjAlMjAlMjAlMjAlMjB0ZXh0LWFsaWduJTNBJTIwY2VudGVyJTNCJTBBJTIwJTIwJTIwJTIwJTIwJTIwJTIwJTIwJTIwJTIwJTIwJTIwbWFyZ2luLWJvdHRvbSUzQSUyMDIwcHglM0IlMEElMjAlMjAlMjAlMjAlMjAlMjAlMjAlMjAlN0QlMEElMjAlMjAlMjAlMjAlMjAlMjAlMjAlMjAuaXRlbSUyMCU3QiUwQSUyMCUyMCUyMCUyMCUyMCUyMCUyMCUyMCUyMCUyMCUyMCUyMG1hcmdpbi1ib3R0b20lM0ElMjAxMHB4JTNCJTBBJTIwJTIwJTIwJTIwJTIwJTIwJTIwJTIwJTdEJTBBJTIwJTIwJTIwJTIwJTIwJTIwJTIwJTIwLml0ZW0lMjBzcGFuJTIwJTdCJTBBJTIwJTIwJTIwJTIwJTIwJTIwJTIwJTIwJTIwJTIwJTIwJTIwZm9udC13ZWlnaHQlM0ElMjBib2xkJTNCJTBBJTIwJTIwJTIwJTIwJTIwJTIwJTIwJTIwJTdEJTBBJTIwJTIwJTIwJTIwJTNDJTJGc3R5bGUlM0UlMEElM0MlMkZoZWFkJTNFJTBBJTNDYm9keSUzRSUwQSUyMCUyMCUyMCUyMCUzQ2RpdiUyMGNsYXNzJTNEJTIyY29udGFpbmVyJTIyJTNFJTBBJTIwJTIwJTIwJTIwJTIwJTIwJTIwJTIwJTNDZGl2JTIwY2xhc3MlM0QlMjJ0aXRsZSUyMiUzRUNhcmFjdGVyJUMzJUFEc3RpY2FzJTIwZGUlMjBsYSUyMFJldmlzdGElMjBJbXByZXNhJTNDJTJGZGl2JTNFJTBBJTIwJTIwJTIwJTIwJTIwJTIwJTIwJTIwJTNDZGl2JTIwY2xhc3MlM0QlMjJpdGVtJTIyJTNFJTNDc3BhbiUzRURpbWVuc2lvbmVzJTNBJTNDJTJGc3BhbiUzRSUyMDIxJTIwY20lMjB4JTIwMjElMjBjbSUzQyUyRmRpdiUzRSUwQSUyMCUyMCUyMCUyMCUyMCUyMCUyMCUyMCUzQ2RpdiUyMGNsYXNzJTNEJTIyaXRlbSUyMiUzRSUzQ3NwYW4lM0VMb21vJTNBJTNDJTJGc3BhbiUzRSUyMEN1YWRyYWRvJTNDJTJGZGl2JTNFJTBBJTIwJTIwJTIwJTIwJTIwJTIwJTIwJTIwJTNDZGl2JTIwY2xhc3MlM0QlMjJpdGVtJTIyJTNFJTNDc3BhbiUzRUludGVyaW9yJTNBJTNDJTJGc3BhbiUzRSUyMFBhcGVsJTIwZ2xhcyVDMyVBOSUyMDkwJTIwJTJGJTIwRnVsbCUyMENvbG9yJTNDJTJGZGl2JTNFJTBBJTIwJTIwJTIwJTIwJTIwJTIwJTIwJTIwJTNDZGl2JTIwY2xhc3MlM0QlMjJpdGVtJTIyJTNFJTNDc3BhbiUzRVBvcnRhZGElMjB5JTIwQ29udHJhcG9ydGFkYSUzQSUzQyUyRnNwYW4lM0UlMjBQYXBlbCUyMGdsYXMlQzMlQTklMjAxNTAlMkMlMjBsYW1pbmFkbyUyMGVuJTIwbWF0ZSUzQyUyRmRpdiUzRSUwQSUyMCUyMCUyMCUyMCUyMCUyMCUyMCUyMCUzQ2RpdiUyMGNsYXNzJTNEJTIyaXRlbSUyMiUzRSUzQ3NwYW4lM0VQb3J0YWRhJTNBJTNDJTJGc3BhbiUzRSUyMEVsYWJvcmFkYSUyMHBvciUyMGFydGlzdGElMjBwbCVDMyVBMXN0aWNvLiUyMERpc2UlQzMlQjFvJTIwY29sZWNjaW9uYWJsZSUzQyUyRmRpdiUzRSUwQSUyMCUyMCUyMCUyMCUyMCUyMCUyMCUyMCUzQ2RpdiUyMGNsYXNzJTNEJTIyaXRlbSUyMiUzRSUzQ3NwYW4lM0VGcmVjdWVuY2lhJTNBJTNDJTJGc3BhbiUzRSUyMFRyaW1lc3RyYWwuJTIwQ3VhdHJvJTIwZWRpY2lvbmVzJTIwZW4lMjAyMDI1JTNDJTJGZGl2JTNFJTBBJTIwJTIwJTIwJTIwJTIwJTIwJTIwJTIwJTNDZGl2JTIwY2xhc3MlM0QlMjJpdGVtJTIyJTNFJTNDc3BhbiUzRVRpcmFqZSUzQSUzQyUyRnNwYW4lM0UlMjAxMDAwJTIwZWplbXBsYXJlcyUyMHBvciUyMGVkaWNpJUMzJUIzbiUzQyUyRmRpdiUzRSUwQSUyMCUyMCUyMCUyMCUzQyUyRmRpdiUzRSUwQSUzQyUyRmJvZHklM0UlMEElM0MlMkZodG1sJTNF[\/vc_raw_html][\/vc_column][\/vc_row]<\/p>\n","protected":false},"author":3,"featured_media":0,"parent":0,"menu_order":0,"comment_status":"closed","ping_status":"closed","template":"","meta":{"footnotes":""},"class_list":["post-1465","page","type-page","status-publish","hentry"],"_links":{"self":[{"href":"https:\/\/revistamarcas.net\/index.php?rest_route=\/wp\/v2\/pages\/1465","targetHints":{"allow":["GET"]}}],"collection":[{"href":"https:\/\/revistamarcas.net\/index.php?rest_route=\/wp\/v2\/pages"}],"about":[{"href":"https:\/\/revistamarcas.net\/index.php?rest_route=\/wp\/v2\/types\/page"}],"author":[{"embeddable":true,"href":"https:\/\/revistamarcas.net\/index.php?rest_route=\/wp\/v2\/users\/3"}],"replies":[{"embeddable":true,"href":"https:\/\/revistamarcas.net\/index.php?rest_route=%2Fwp%2Fv2%2Fcomments&post=1465"}],"version-history":[{"count":24,"href":"https:\/\/revistamarcas.net\/index.php?rest_route=\/wp\/v2\/pages\/1465\/revisions"}],"predecessor-version":[{"id":1606,"href":"https:\/\/revistamarcas.net\/index.php?rest_route=\/wp\/v2\/pages\/1465\/revisions\/1606"}],"wp:attachment":[{"href":"https:\/\/revistamarcas.net\/index.php?rest_route=%2Fwp%2Fv2%2Fmedia&parent=1465"}],"curies":[{"name":"wp","href":"https:\/\/api.w.org\/{rel}","templated":true}]}}