{"id":171,"date":"2015-01-09T09:56:37","date_gmt":"2015-01-09T09:56:37","guid":{"rendered":"http:\/\/localhost\/wordpress\/pressroom\/?page_id=171"},"modified":"2015-01-09T09:56:37","modified_gmt":"2015-01-09T09:56:37","slug":"authors","status":"publish","type":"page","link":"https:\/\/revistamarcas.net\/?page_id=171","title":{"rendered":"Authors"},"content":{"rendered":"<div class=\"wpb-content-wrapper\"><p>[vc_row][vc_column width=\u00bb1\/1&#8243;]<div class=\"divider_block clearfix\"><hr class=\"divider first\"><hr class=\"divider subheader_arrow\"><hr class=\"divider last\"><\/div>[\/vc_column][\/vc_row][vc_row top_margin=\u00bbpage_margin_top\u00bb][vc_column width=\u00bb2\/3&#8243;]<ul class=\"authors_list rating\"><li class=\"single-author clearfix\">\r\n\t\t\t<div class=\"avatar_block\">\r\n\t\t\t\t<a class=\"thumb\" href=\"https:\/\/revistamarcas.net\/?author=2\" title=\"Ana Iriza\"><img alt='' src='https:\/\/secure.gravatar.com\/avatar\/0021d539853dd1b61962f730cd5952d576ef5679fd688b04a17064a0a03dd35e?s=330&#038;d=mm&#038;r=g' srcset='https:\/\/secure.gravatar.com\/avatar\/0021d539853dd1b61962f730cd5952d576ef5679fd688b04a17064a0a03dd35e?s=660&#038;d=mm&#038;r=g 2x' class='avatar avatar-330 photo' height='330' width='330' \/><\/a>\r\n\t\t\t\t<div class=\"details clearfix\">\r\n\t\t\t\t\t<ul class=\"columns\">\r\n\t\t\t\t\t\t<li class=\"column\">\r\n\t\t\t\t\t\t\t<span class=\"number animated_element\" data-value=\"71\"><\/span>\r\n\t\t\t\t\t\t\t<h5>Articles<\/h5>\r\n\t\t\t\t\t\t<\/li>\r\n\t\t\t\t\t\t<li class=\"column\">\r\n\t\t\t\t\t\t\t<span class=\"number animated_element\" data-value=\"21213\"><\/span>\r\n\t\t\t\t\t\t\t<h5>Views<\/h5>\r\n\t\t\t\t\t\t<\/li>\r\n\t\t\t\t\t<\/ul>\r\n\t\t\t\t<\/div>\r\n\t\t\t<\/div>\r\n\t\t\t<div class=\"content\"><h6>ADMINISTRATOR<\/h6>\r\n\t\t\t\t<h2><a href=\"https:\/\/revistamarcas.net\/?author=2\" title=\"Ana Iriza\">Ana Iriza<\/a><\/h2><p>Ana Iriza es una periodista y editora con una destacada trayectoria en el periodismo empresarial. Su experiencia como editora de la revista \"Marcas\" y su labor como asesora de empresas la convierten en una profesional integral y respetada en el \u00e1mbito empresarial venezolano.<\/p><a href=\"https:\/\/revistamarcas.net\/?author=2\" class=\"more highlight margin_top_15\">PROFILE<\/a>\r\n\t\t\t<\/div>\r\n\t\t<\/li><li class=\"single-author clearfix\">\r\n\t\t\t<div class=\"avatar_block\">\r\n\t\t\t\t<a class=\"thumb\" href=\"https:\/\/revistamarcas.net\/?author=3\" title=\"Edgar Rincon\"><img alt='' src='https:\/\/secure.gravatar.com\/avatar\/91829f0eaa1192a8203f4cdf794e1dd01f54c845b9e47442a6045489eee584e9?s=330&#038;d=mm&#038;r=g' srcset='https:\/\/secure.gravatar.com\/avatar\/91829f0eaa1192a8203f4cdf794e1dd01f54c845b9e47442a6045489eee584e9?s=660&#038;d=mm&#038;r=g 2x' class='avatar avatar-330 photo' height='330' width='330' \/><\/a>\r\n\t\t\t\t<div class=\"details clearfix\">\r\n\t\t\t\t\t<ul class=\"columns\">\r\n\t\t\t\t\t\t<li class=\"column\">\r\n\t\t\t\t\t\t\t<span class=\"number animated_element\" data-value=\"29\"><\/span>\r\n\t\t\t\t\t\t\t<h5>Articles<\/h5>\r\n\t\t\t\t\t\t<\/li>\r\n\t\t\t\t\t\t<li class=\"column\">\r\n\t\t\t\t\t\t\t<span class=\"number animated_element\" data-value=\"9258\"><\/span>\r\n\t\t\t\t\t\t\t<h5>Views<\/h5>\r\n\t\t\t\t\t\t<\/li>\r\n\t\t\t\t\t<\/ul>\r\n\t\t\t\t<\/div>\r\n\t\t\t<\/div>\r\n\t\t\t<div class=\"content\"><ul class=\"social_icons clearfix\"><li><a target=\"_blank\" title=\"\" href=\"http:\/\/@erinconm\" class=\"social_icon twitter\">&nbsp;<\/a><\/li><li><a target=\"_blank\" title=\"\" href=\"http:\/\/@erinconm\" class=\"social_icon instagram\">&nbsp;<\/a><\/li><\/ul><h6>ADMINISTRATOR<\/h6>\r\n\t\t\t\t<h2><a href=\"https:\/\/revistamarcas.net\/?author=3\" title=\"Edgar Rincon\">Edgar Rincon<\/a><\/h2><p>Edgar Rinc\u00f3n es un destacado comunicador y experto en tecnolog\u00eda con una trayectoria significativa en el periodismo tecnol\u00f3gico. Su enfoque se centra en hacer que la tecnolog\u00eda sea accesible y comprensible para el p\u00fablico en general, evitando el lenguaje t\u00e9cnico complejo.\r\n\r\nPionero del periodismo tecnol\u00f3gico:<\/p><a href=\"https:\/\/revistamarcas.net\/?author=3\" class=\"more highlight margin_top_15\">PROFILE<\/a>\r\n\t\t\t<\/div>\r\n\t\t<\/li><li class=\"single-author clearfix\">\r\n\t\t\t<div class=\"avatar_block\">\r\n\t\t\t\t<a class=\"thumb\" href=\"https:\/\/revistamarcas.net\/?author=8\" title=\"Revista Marcas\"><img alt='' src='https:\/\/secure.gravatar.com\/avatar\/9becf47e9c062715e5cf1b6713705811b8d616de22a9552d77a20d938854ade4?s=330&#038;d=mm&#038;r=g' srcset='https:\/\/secure.gravatar.com\/avatar\/9becf47e9c062715e5cf1b6713705811b8d616de22a9552d77a20d938854ade4?s=660&#038;d=mm&#038;r=g 2x' class='avatar avatar-330 photo' height='330' width='330' \/><\/a>\r\n\t\t\t\t<div class=\"details clearfix\">\r\n\t\t\t\t\t<ul class=\"columns\">\r\n\t\t\t\t\t\t<li class=\"column\">\r\n\t\t\t\t\t\t\t<span class=\"number animated_element\" data-value=\"28\"><\/span>\r\n\t\t\t\t\t\t\t<h5>Articles<\/h5>\r\n\t\t\t\t\t\t<\/li>\r\n\t\t\t\t\t\t<li class=\"column\">\r\n\t\t\t\t\t\t\t<span class=\"number animated_element\" data-value=\"6849\"><\/span>\r\n\t\t\t\t\t\t\t<h5>Views<\/h5>\r\n\t\t\t\t\t\t<\/li>\r\n\t\t\t\t\t<\/ul>\r\n\t\t\t\t<\/div>\r\n\t\t\t<\/div>\r\n\t\t\t<div class=\"content\"><h6>ADMINISTRATOR<\/h6>\r\n\t\t\t\t<h2><a href=\"https:\/\/revistamarcas.net\/?author=8\" title=\"Revista Marcas\">Revista Marcas<\/a><\/h2><a href=\"https:\/\/revistamarcas.net\/?author=8\" class=\"more highlight margin_top_15\">PROFILE<\/a>\r\n\t\t\t<\/div>\r\n\t\t<\/li><li class=\"single-author clearfix\">\r\n\t\t\t<div class=\"avatar_block\">\r\n\t\t\t\t<a class=\"thumb\" href=\"https:\/\/revistamarcas.net\/?author=4\" title=\"Alexandra Castillo\"><img alt='' src='https:\/\/secure.gravatar.com\/avatar\/443f3815f6f84ddfa80c7e02746b2b7b5302f07ab4ffed08d095b72f83041523?s=330&#038;d=mm&#038;r=g' srcset='https:\/\/secure.gravatar.com\/avatar\/443f3815f6f84ddfa80c7e02746b2b7b5302f07ab4ffed08d095b72f83041523?s=660&#038;d=mm&#038;r=g 2x' class='avatar avatar-330 photo' height='330' width='330' \/><\/a>\r\n\t\t\t\t<div class=\"details clearfix\">\r\n\t\t\t\t\t<ul class=\"columns\">\r\n\t\t\t\t\t\t<li class=\"column\">\r\n\t\t\t\t\t\t\t<span class=\"number animated_element\" data-value=\"6\"><\/span>\r\n\t\t\t\t\t\t\t<h5>Articles<\/h5>\r\n\t\t\t\t\t\t<\/li>\r\n\t\t\t\t\t\t<li class=\"column\">\r\n\t\t\t\t\t\t\t<span class=\"number animated_element\" data-value=\"1245\"><\/span>\r\n\t\t\t\t\t\t\t<h5>Views<\/h5>\r\n\t\t\t\t\t\t<\/li>\r\n\t\t\t\t\t<\/ul>\r\n\t\t\t\t<\/div>\r\n\t\t\t<\/div>\r\n\t\t\t<div class=\"content\"><h6>EDITOR<\/h6>\r\n\t\t\t\t<h2><a href=\"https:\/\/revistamarcas.net\/?author=4\" title=\"Alexandra Castillo\">Alexandra Castillo<\/a><\/h2><a href=\"https:\/\/revistamarcas.net\/?author=4\" class=\"more highlight margin_top_15\">PROFILE<\/a>\r\n\t\t\t<\/div>\r\n\t\t<\/li><li class=\"single-author clearfix\">\r\n\t\t\t<div class=\"avatar_block\">\r\n\t\t\t\t<a class=\"thumb\" href=\"https:\/\/revistamarcas.net\/?author=9\" title=\"Luis Mayorca\"><img alt='' src='https:\/\/secure.gravatar.com\/avatar\/45b72fd7fd54bc0fb32ab51e917292b808c805c9e3469e6f3c5d954dc483423c?s=330&#038;d=mm&#038;r=g' srcset='https:\/\/secure.gravatar.com\/avatar\/45b72fd7fd54bc0fb32ab51e917292b808c805c9e3469e6f3c5d954dc483423c?s=660&#038;d=mm&#038;r=g 2x' class='avatar avatar-330 photo' height='330' width='330' \/><\/a>\r\n\t\t\t\t<div class=\"details clearfix\">\r\n\t\t\t\t\t<ul class=\"columns\">\r\n\t\t\t\t\t\t<li class=\"column\">\r\n\t\t\t\t\t\t\t<span class=\"number animated_element\" data-value=\"0\"><\/span>\r\n\t\t\t\t\t\t\t<h5>Articles<\/h5>\r\n\t\t\t\t\t\t<\/li>\r\n\t\t\t\t\t\t<li class=\"column\">\r\n\t\t\t\t\t\t\t<span class=\"number animated_element\" data-value=\"1245\"><\/span>\r\n\t\t\t\t\t\t\t<h5>Views<\/h5>\r\n\t\t\t\t\t\t<\/li>\r\n\t\t\t\t\t<\/ul>\r\n\t\t\t\t<\/div>\r\n\t\t\t<\/div>\r\n\t\t\t<div class=\"content\"><h6>ADMINISTRATOR<\/h6>\r\n\t\t\t\t<h2><a href=\"https:\/\/revistamarcas.net\/?author=9\" title=\"Luis Mayorca\">Luis Mayorca<\/a><\/h2><p>Somos el aliado digital que necesitas para hacer crecer tu negocio con el poder de la IA\r\nEstrategia, creatividad e IA para transformar tu marca en resultados reales.<\/p><a href=\"https:\/\/revistamarcas.net\/?author=9\" class=\"more highlight margin_top_15\">PROFILE<\/a>\r\n\t\t\t<\/div>\r\n\t\t<\/li><\/ul>[\/vc_column][vc_column width=\u00bb1\/3&#8243;]<h4 class=\"box_header\">Worth Reading<\/h4><div class=\"vc_row wpb_row vc_row-fluid\"><ul class=\"blog clearfix small_margin\"><li class=\" post post-981 type-post status-publish format-standard has-post-thumbnail hentry category-instituto\"><a class=\"post_image\" href=\"https:\/\/revistamarcas.net\/?p=981\" title=\"Review: 4 rugged tablets put to the test\"><span class=\"icon\"><span>8.2<\/span><\/span><img loading=\"lazy\" decoding=\"async\" width=\"510\" height=\"187\" src=\"https:\/\/revistamarcas.net\/wp-content\/uploads\/2015\/01\/image_07-510x187.jpg\" class=\"attachment-blog-post-thumb-medium size-blog-post-thumb-medium wp-post-image\" alt=\"Review: 4 rugged tablets put to the test\" title=\"\" \/><\/a><h5 class=\"clearfix\"><a href=\"https:\/\/revistamarcas.net\/?p=981\" title=\"Review: 4 rugged tablets put to the test\">Review: 4 rugged tablets put to the test<\/a><\/h5><ul class=\"post_details simple\"><li class=\"category container-category-46\"><a class=\"category-46\" href=\"https:\/\/revistamarcas.net\/?cat=46\" title=\"View all posts filed under Instituto\">Instituto<\/a><\/li><li class=\"date\">02\/10\/2014<\/li><\/ul><\/li><\/ul><\/div>[vc_tabs top_margin=\u00bbpage_margin_top_section\u00bb el_class=\u00bbno_scroll\u00bb][vc_tab title=\u00bbMost Read\u00bb tab_id=\u00bbsidebar-most-read\u00bb]<ul class=\"blog rating clearfix page_margin_top\"><li class=\"post\"><a href=\"https:\/\/revistamarcas.net\/?p=1691\" title=\"Nestl\u00e9 llen\u00f3 de diversi\u00f3n la IX edici\u00f3n del Marat\u00f3n CAF 2025\"><img loading=\"lazy\" decoding=\"async\" width=\"510\" height=\"187\" src=\"https:\/\/revistamarcas.net\/wp-content\/uploads\/2025\/02\/Nestle-Marathon-510x187.jpg\" class=\"attachment-blog-post-thumb-medium size-blog-post-thumb-medium wp-post-image\" alt=\"Review: 4 rugged tablets put to the test\" title=\"\" \/><\/a><div class=\"post_content\">\r\n\t\t\t\t<span class=\"number animated_element\" data-value=\"524\"><\/span>\r\n\t\t\t\t<h5><a href=\"https:\/\/revistamarcas.net\/?p=1691\" title=\"Nestl\u00e9 llen\u00f3 de diversi\u00f3n la IX edici\u00f3n del Marat\u00f3n CAF 2025\">Nestl\u00e9 llen\u00f3 de diversi\u00f3n la IX edici\u00f3n del Marat\u00f3n CAF 2025<\/a><\/h5><ul class=\"post_details simple\"><li class=\"category\"><a class=\"category-2\" href=\"https:\/\/revistamarcas.net\/?cat=2\" title=\"salud, bienestar, belleza, estilo de vida, entrenemiento\">Estilo 360<\/a>, <a class=\"category-38\" href=\"https:\/\/revistamarcas.net\/?cat=38\" title=\"View all posts filed under Galeria\">Galeria<\/a>, <a class=\"category-43\" href=\"https:\/\/revistamarcas.net\/?cat=43\" title=\"Notas de prensa\">Movida<\/a><\/li><li class=\"date\">19\/02\/2025<\/li><\/ul><\/div><\/li><li class=\"post\"><div class=\"post_content\">\r\n\t\t\t\t<span class=\"number animated_element\" data-value=\"518\"><\/span>\r\n\t\t\t\t<h5><a href=\"https:\/\/revistamarcas.net\/?p=329\" title=\"Our favorites from the Geneva Motor Show\">Our favorites from the Geneva Motor Show<\/a><\/h5><ul class=\"post_details simple\"><li class=\"category container-category-33\"><a class=\"category-33\" href=\"https:\/\/revistamarcas.net\/?cat=33\" title=\"todo lo relacionado con el Turismo, los viajes, y las experiencias\">Boarding Pass<\/a><\/li><li class=\"date\">22\/11\/2014<\/li><\/ul><\/div><\/li><li class=\"post\"><div class=\"post_content\">\r\n\t\t\t\t<span class=\"number animated_element\" data-value=\"497\"><\/span>\r\n\t\t\t\t<h5><a href=\"https:\/\/revistamarcas.net\/?p=1708\" title=\"Furla, m\u00e1s \u00edntima y totalmente atemporal\">Furla, m\u00e1s \u00edntima y totalmente atemporal<\/a><\/h5><ul class=\"post_details simple\"><li class=\"category container-category-2\"><a class=\"category-2\" href=\"https:\/\/revistamarcas.net\/?cat=2\" title=\"salud, bienestar, belleza, estilo de vida, entrenemiento\">Estilo 360<\/a><\/li><li class=\"date\">18\/03\/2025<\/li><\/ul><\/div><\/li><li class=\"post\"><div class=\"post_content\">\r\n\t\t\t\t<span class=\"number animated_element\" data-value=\"482\"><\/span>\r\n\t\t\t\t<h5><a href=\"https:\/\/revistamarcas.net\/?p=1642\" title=\"Digitel la implementaci\u00f3n de la tecnolog\u00eda 5G en Venezuela\">Digitel la implementaci\u00f3n de la tecnolog\u00eda 5G en Venezuela<\/a><\/h5><ul class=\"post_details simple\"><li class=\"category container-category-38\"><a class=\"category-38\" href=\"https:\/\/revistamarcas.net\/?cat=38\" title=\"View all posts filed under Galeria\">Galeria<\/a><\/li><li class=\"date\">17\/02\/2025<\/li><\/ul><\/div><\/li><li class=\"post\"><div class=\"post_content\">\r\n\t\t\t\t<span class=\"number animated_element\" data-value=\"482\"><\/span>\r\n\t\t\t\t<h5><a href=\"https:\/\/revistamarcas.net\/?p=995\" title=\"Battle over mobile payments is raging\">Battle over mobile payments is raging<\/a><\/h5><ul class=\"post_details simple\"><li class=\"category container-category-45\"><a class=\"category-45\" href=\"https:\/\/revistamarcas.net\/?cat=45\" title=\"View all posts filed under Universidad\">Universidad<\/a><\/li><li class=\"date\">05\/08\/2014<\/li><\/ul><\/div><\/li><\/ul><a class=\"more page_margin_top\" href=\"http:\/\/quanticalabs.com\/wp_themes\/pressroom\/blog\/\" title=\"SHOW MORE\">SHOW MORE<\/a>[\/vc_tab][vc_tab title=\u00bbCommented\u00bb tab_id=\u00bbsidebar-most-commented\u00bb]<ul class=\"blog rating clearfix page_margin_top\"><\/ul><a class=\"more page_margin_top\" href=\"http:\/\/quanticalabs.com\/wp_themes\/pressroom\/blog\/\" title=\"SHOW MORE\">SHOW MORE<\/a>[\/vc_tab][\/vc_tabs][\/vc_column][\/vc_row]<\/p>\n<\/div>","protected":false},"excerpt":{"rendered":"<p>[vc_row][vc_column width=\u00bb1\/1&#8243;][\/vc_column][\/vc_row][vc_row top_margin=\u00bbpage_margin_top\u00bb][vc_column width=\u00bb2\/3&#8243;][\/vc_column][vc_column width=\u00bb1\/3&#8243;][vc_tabs top_margin=\u00bbpage_margin_top_section\u00bb el_class=\u00bbno_scroll\u00bb][vc_tab title=\u00bbMost Read\u00bb tab_id=\u00bbsidebar-most-read\u00bb][\/vc_tab][vc_tab title=\u00bbCommented\u00bb tab_id=\u00bbsidebar-most-commented\u00bb][\/vc_tab][\/vc_tabs][\/vc_column][\/vc_row]<\/p>\n","protected":false},"author":2,"featured_media":0,"parent":0,"menu_order":0,"comment_status":"open","ping_status":"open","template":"","meta":{"footnotes":""},"class_list":["post-171","page","type-page","status-publish","hentry"],"_links":{"self":[{"href":"https:\/\/revistamarcas.net\/index.php?rest_route=\/wp\/v2\/pages\/171","targetHints":{"allow":["GET"]}}],"collection":[{"href":"https:\/\/revistamarcas.net\/index.php?rest_route=\/wp\/v2\/pages"}],"about":[{"href":"https:\/\/revistamarcas.net\/index.php?rest_route=\/wp\/v2\/types\/page"}],"author":[{"embeddable":true,"href":"https:\/\/revistamarcas.net\/index.php?rest_route=\/wp\/v2\/users\/2"}],"replies":[{"embeddable":true,"href":"https:\/\/revistamarcas.net\/index.php?rest_route=%2Fwp%2Fv2%2Fcomments&post=171"}],"version-history":[{"count":0,"href":"https:\/\/revistamarcas.net\/index.php?rest_route=\/wp\/v2\/pages\/171\/revisions"}],"wp:attachment":[{"href":"https:\/\/revistamarcas.net\/index.php?rest_route=%2Fwp%2Fv2%2Fmedia&parent=171"}],"curies":[{"name":"wp","href":"https:\/\/api.w.org\/{rel}","templated":true}]}}