{"id":8683,"date":"2026-01-09T11:23:16","date_gmt":"2026-01-09T15:23:16","guid":{"rendered":"https:\/\/revistamarcas.net\/?page_id=8683"},"modified":"2026-01-09T11:47:56","modified_gmt":"2026-01-09T15:47:56","slug":"productoras-audiovisuales","status":"publish","type":"page","link":"https:\/\/revistamarcas.net\/?page_id=8683","title":{"rendered":"Productoras Audiovisuales"},"content":{"rendered":"<div class=\"wpb-content-wrapper\"><p>[vc_row][vc_column]<div class=\"divider_block clearfix\"><hr class=\"divider first\"><hr class=\"divider subheader_arrow\"><hr class=\"divider last\"><\/div>[\/vc_column][\/vc_row][vc_row][vc_column width=\u00bb1\/2&#8243;][vc_single_image image=\u00bb8705&#8243; img_size=\u00bbLarge\u00bb css=\u00bb\u00bb][\/vc_column][vc_column width=\u00bb1\/2&#8243;][vc_column_text css=\u00bb\u00bb]El trabajo de dar a conocer y posicionar a un artista, una marca, producto o servicio va m\u00e1s all\u00e1 de una simple publicidad o la presencia en redes sociales. Se necesitan acciones m\u00e1s contundentes que conecten y transmitan la experiencia.<\/p>\n<p>En ese sentido, las productoras, y hay de varios tipos, son esos arquitectos especializados que necesitas para sumergir a tu audiencia en la experiencia, incluso te ayudar\u00e1n a interactuar con tu p\u00fablico.<\/p>\n<p>Ya hemos tocado a las agencias de comunicaciones, agencias de publicidad y las imprentas. Ahora a nuestro ecosistema se unen las casas productoras de audiovisuales y las productoras de eventos.<\/p>\n<p>Si necesitas visi\u00f3n, noci\u00f3n y experticia, aqu\u00ed te dejamos algunas sugerencias, porque hasta para lucir improvisado se necesita planificaci\u00f3n[\/vc_column_text][\/vc_column][\/vc_row][vc_row][vc_column]<div class=\"divider_block clearfix\"><hr class=\"divider first\"><hr class=\"divider subheader_arrow\"><hr class=\"divider last\"><\/div>[\/vc_column][\/vc_row][vc_row][vc_column]<h4 class=\"box_header\">Productoras Audiovisuales<\/h4>[\/vc_column][\/vc_row][vc_row][vc_column][vc_raw_html css=\u00bb\u00bb]JTNDJTIxRE9DVFlQRSUyMGh0bWwlM0UlMEElM0NodG1sJTNFJTBBJTNDaGVhZCUzRSUwQSUyMCUyMCUyMCUyMCUzQ3RpdGxlJTNFVGFibGElMjBkZSUyMDV4NSUzQyUyRnRpdGxlJTNFJTBBJTIwJTIwJTIwJTIwJTNDc3R5bGUlM0UlMEElMjAlMjAlMjAlMjAlMjAlMjAlMjAlMjB0YWJsZSUyMCU3QiUwQSUyMCUyMCUyMCUyMCUyMCUyMCUyMCUyMCUyMCUyMCUyMCUyMHdpZHRoJTNBJTIwMTAwJTI1JTNCJTBBJTIwJTIwJTIwJTIwJTIwJTIwJTIwJTIwJTIwJTIwJTIwJTIwYm9yZGVyLWNvbGxhcHNlJTNBJTIwc2VwYXJhdGUlM0IlMEElMjAlMjAlMjAlMjAlMjAlMjAlMjAlMjAlMjAlMjAlMjAlMjBib3JkZXItc3BhY2luZyUzQSUyMDVweCUzQiUyMCUyRiUyQSUyMFNlcGFyYWNpJUMzJUIzbiUyMGVudHJlJTIwY2VsZGFzJTIwJTJBJTJGJTBBJTIwJTIwJTIwJTIwJTIwJTIwJTIwJTIwJTdEJTBBJTIwJTIwJTIwJTIwJTIwJTIwJTIwJTIwdGglMkMlMjB0ZCUyMCU3QiUwQSUyMCUyMCUyMCUyMCUyMCUyMCUyMCUyMCUyMCUyMCUyMCUyMGJvcmRlciUzQSUyMDNweCUyMHNvbGlkJTIwYmxhY2slM0IlMjAlMjAlMkYlMkElMjBCb3JkZXMlMjBncnVlc29zJTIwJTJBJTJGJTBBJTIwJTIwJTIwJTIwJTIwJTIwJTIwJTIwJTIwJTIwJTIwJTIwdGV4dC1hbGlnbiUzQSUyMGxlZnQlM0IlMEElMjAlMjAlMjAlMjAlMjAlMjAlMjAlMjAlMjAlMjAlMjAlMjBwYWRkaW5nJTNBJTIwOHB4JTNCJTBBJTIwJTIwJTIwJTIwJTIwJTIwJTIwJTIwJTdEJTBBJTIwJTIwJTIwJTIwJTIwJTIwJTIwJTIwdGglMkMlMjB0ZCUyMCU3QiUwQSUyMCUyMCUyMCUyMCUyMCUyMCUyMCUyMCUyMCUyMCUyMCUyMHdpZHRoJTNBJTIwMjAlMjUlM0IlMEElMjAlMjAlMjAlMjAlMjAlMjAlMjAlMjAlN0QlMEElMjAlMjAlMjAlMjAlM0MlMkZzdHlsZSUzRSUwQSUzQyUyRmhlYWQlM0UlMEElM0Nib2R5JTIwb25jb3B5JTNEJTIycmV0dXJuJTIwZmFsc2UlMjIlMjBvbnBhc3RlJTNEJTIycmV0dXJuJTIwZmFsc2UlMjIlM0UlMEElMjAlMjAlMjAlMjAlM0N0YWJsZSUzRSUwQSUyMCUyMCUyMCUyMCUyMCUyMCUyMCUyMCUzQ3RyJTNFJTBBJTIwJTIwJTIwJTIwJTIwJTIwJTIwJTIwJTIwJTIwJTIwJTIwJTNDdGglM0VJRCUzQyUyRnRoJTNFJTBBJTIwJTIwJTIwJTIwJTIwJTIwJTIwJTIwJTIwJTIwJTIwJTIwJTNDdGglM0VBZ2VuY2lhJTNDJTJGdGglM0UlMEElMjAlMjAlMjAlMjAlMjAlMjAlMjAlMjAlMjAlMjAlMjAlMjAlM0N0aCUzRUNvbnRhY3RvJTNDJTJGdGglM0UlMEElMjAlMjAlMjAlMjAlMjAlMjAlMjAlMjAlMjAlMjAlMjAlMjAlM0N0aCUzRVRlbCVDMyVBOWZvbm8lM0MlMkZ0aCUzRSUwQSUyMCUyMCUyMCUyMCUyMCUyMCUyMCUyMCUyMCUyMCUyMCUyMCUzQ3RoJTNFQ29ycmVvJTIwRWxlY3RyJUMzJUIzbmljbyUzQyUyRnRoJTNFJTBBJTIwJTIwJTIwJTIwJTIwJTIwJTIwJTIwJTNDJTJGdHIlM0UlMEElMjAlMjAlMjAlMjAlMjAlMjAlMjAlMjAlM0N0ciUzRSUwQSUyMCUyMCUyMCUyMCUyMCUyMCUyMCUyMCUyMCUyMCUyMCUyMCUzQ3RkJTNFJTNDY2VudGVyJTNFJTNDaW1nJTIwc3JjJTNEJTIyaHR0cHMlM0ElMkYlMkZyZXZpc3RhbWFyY2FzLm5ldCUyRndwLWNvbnRlbnQlMkZ1cGxvYWRzJTJGMjAyNiUyRjAxJTJGQ2luZXNhLmpwZyUyMiUyMGFsdCUzRCUyMkNJTkVTQSUyMiUzQyUyRmNlbnRlciUzRSUzQyUyRnRkJTNFJTBBJTIwJTIwJTIwJTIwJTIwJTIwJTIwJTIwJTIwJTIwJTIwJTIwJTNDdGQlM0UlM0NiJTNFQ2luZXNhJTIwU29sdWNpb25lcyUyMEF1ZGlvdmlzdWFsZXMlM0MlMkZiJTNFJTNDJTJGdGQlM0UlMEElMjAlMjAlMjAlMjAlMjAlMjAlMjAlMjAlMjAlMjAlMjAlMjAlM0N0ZCUzRSUzQ2IlM0VDYXJsb3MlMjBPdGV5emElM0MlMkZiJTNFJTNDJTJGdGQlM0UlMEElMjAlMjAlMjAlMjAlMjAlMjAlMjAlMjAlMjAlMjAlMjAlMjAlM0N0ZCUzRSUzQ2IlM0UlMkI1OC0yMTIuMjg2LjMwLjcxJTNDJTJGYiUzRSUzQyUyRnRkJTNFJTBBJTIwJTIwJTIwJTIwJTIwJTIwJTIwJTIwJTIwJTIwJTIwJTIwJTNDdGQlM0UlM0NiJTNFY2luZXNhY29tdW5pY2FjaW9uZXMlNDBnbWFpbC5jb20lM0MlMkZiJTNFJTNDJTJGdGQlM0UlMEElMjAlMjAlMjAlMjAlMjAlMjAlMjAlMjAlM0MlMkZ0ciUzRSUwQSUyMCUyMCUyMCUyMCUyMCUyMCUyMCUyMCUzQ3RyJTNFJTBBJTIwJTIwJTIwJTIwJTIwJTIwJTIwJTIwJTIwJTIwJTIwJTIwJTNDdGQlM0UlM0NjZW50ZXIlM0UlM0NpbWclMjBzcmMlM0QlMjJodHRwcyUzQSUyRiUyRnJldmlzdGFtYXJjYXMubmV0JTJGd3AtY29udGVudCUyRnVwbG9hZHMlMkYyMDI2JTJGMDElMkZJbXB1bHN1cy5qcGclMjIlMjBhbHQlM0QlMjJJTVBVTFNVUyUyMEdST1VQJTIwJTIyJTNDJTJGY2VudGVyJTNFJTNDJTJGdGQlM0UlMEElMjAlMjAlMjAlMjAlMjAlMjAlMjAlMjAlMjAlMjAlMjAlMjAlM0N0ZCUzRSUzQ2IlM0VJTVBVTFNVUyUyMEdST1VQJTNDJTJGYiUzRSUzQyUyRnRkJTNFJTBBJTIwJTIwJTIwJTIwJTIwJTIwJTIwJTIwJTIwJTIwJTIwJTIwJTNDdGQlM0UlM0NiJTNFUm9iZXJ0JTIwU2FybWllbnRvJTIwRmVibGVzJTIwJTNDJTJGYiUzRSUzQyUyRnRkJTNFJTBBJTIwJTIwJTIwJTIwJTIwJTIwJTIwJTIwJTIwJTIwJTIwJTIwJTNDdGQlM0UlM0NiJTNFJTJCNTgtNDI0LTI4OS4xODE4JTNDJTJGYiUzRSUzQyUyRnRkJTNFJTBBJTIwJTIwJTIwJTIwJTIwJTIwJTIwJTIwJTIwJTIwJTIwJTIwJTNDdGQlM0UlM0NiJTNFaW1wdWxzdXMuYWdlbmNpYSU0MGdtYWlsLmNvbSUzQyUyRmIlM0UlM0MlMkZ0ZCUzRSUwQSUyMCUyMCUyMCUyMCUyMCUyMCUyMCUyMCUzQyUyRnRyJTNFJTBBJTIwJTIwJTIwJTIwJTIwJTIwJTIwJTIwJTNDdHIlM0UlMEElMjAlMjAlMjAlMjAlMjAlMjAlMjAlMjAlMjAlMjAlMjAlMjAlM0N0ZCUzRSUzQ2NlbnRlciUzRSUzQ2ltZyUyMHNyYyUzRCUyMmh0dHBzJTNBJTJGJTJGcmV2aXN0YW1hcmNhcy5uZXQlMkZ3cC1jb250ZW50JTJGdXBsb2FkcyUyRjIwMjYlMkYwMSUyRlBhcmFkaXNvLmpwZyUyMiUyMGFsdCUzRCUyMlBhcmFkaXNvJTIyJTNDJTJGY2VudGVyJTNFJTNDJTJGdGQlM0UlMEElMjAlMjAlMjAlMjAlMjAlMjAlMjAlMjAlMjAlMjAlMjAlMjAlM0N0ZCUzRSUzQ2IlM0VQYXJhZGlzbyUzQyUyRmIlM0UlM0MlMkZ0ZCUzRSUwQSUyMCUyMCUyMCUyMCUyMCUyMCUyMCUyMCUyMCUyMCUyMCUyMCUzQ3RkJTNFJTNDYiUzRUx1aXMlMjBNYW51ZWwlMjBBbHR1dmUlM0MlMkZiJTNFJTNDJTJGdGQlM0UlMEElMjAlMjAlMjAlMjAlMjAlMjAlMjAlMjAlMjAlMjAlMjAlMjAlM0N0ZCUzRSUzQ2IlM0UlMkI1OC00MTIuMjYwLjY2LjIyJTNDJTJGYiUzRSUzQyUyRnRkJTNFJTBBJTIwJTIwJTIwJTIwJTIwJTIwJTIwJTIwJTIwJTIwJTIwJTIwJTNDdGQlM0UlM0NiJTNFaW5mbyU0MHdlYXJlcGFyYWRpc28uY29tJTNDJTJGYiUzRSUzQyUyRnRkJTNFJTBBJTIwJTIwJTIwJTIwJTIwJTIwJTIwJTIwJTNDJTJGdHIlM0UlMEElMjAlMjAlMjAlMjAlMjAlMjAlMjAlMjAlM0N0ciUzRSUwQSUyMCUyMCUyMCUyMCUyMCUyMCUyMCUyMCUyMCUyMCUyMCUyMCUzQ3RkJTNFJTNDY2VudGVyJTNFJTNDaW1nJTIwc3JjJTNEJTIyaHR0cHMlM0ElMkYlMkZyZXZpc3RhbWFyY2FzLm5ldCUyRndwLWNvbnRlbnQlMkZ1cGxvYWRzJTJGMjAyNiUyRjAxJTJGUHJvZHVjdG9yYUMuanBnJTIyJTIwYWx0JTNEJTIyUHJvZHVjdG9yYSUyMGRlJTIwQ29udGVuaWRvJTIyJTNDJTJGY2VudGVyJTNFJTNDJTJGdGQlM0UlMEElMjAlMjAlMjAlMjAlMjAlMjAlMjAlMjAlMjAlMjAlMjAlMjAlM0N0ZCUzRSUzQ2IlM0VQcm9kdWN0b3JhJTIwZGUlMjBDb250ZW5pZG8lM0MlMkZiJTNFJTNDJTJGdGQlM0UlMEElMjAlMjAlMjAlMjAlMjAlMjAlMjAlMjAlMjAlMjAlMjAlMjAlM0N0ZCUzRSUzQ2IlM0VNYXJpbHV6JTIwR2VudGlsZSUyMFAlM0MlMkZiJTNFJTNDJTJGdGQlM0UlMEElMjAlMjAlMjAlMjAlMjAlMjAlMjAlMjAlMjAlMjAlMjAlMjAlM0N0ZCUzRSUzQ2IlM0UlMkI1OC00MTQuMjE1LjExLjAyJTNDJTJGYiUzRSUzQyUyRnRkJTNFJTBBJTIwJTIwJTIwJTIwJTIwJTIwJTIwJTIwJTIwJTIwJTIwJTIwJTNDdGQlM0UlM0NiJTNFbWFyaWx1eiU0MHByb2R1Y3RvcmFkZWNvbnRlbmlkby5jb20lM0MlMkZiJTNFJTNDJTJGdGQlM0UlMEElMjAlMjAlMjAlMjAlMjAlMjAlMjAlMjAlM0MlMkZ0ciUzRSUwQSUyMCUyMCUyMCUyMCUyMCUyMCUyMCUyMCUzQ3RyJTNFJTBBJTIwJTIwJTIwJTIwJTIwJTIwJTIwJTIwJTIwJTIwJTIwJTIwJTNDdGQlM0UlM0NjZW50ZXIlM0UlM0NpbWclMjBzcmMlM0QlMjJodHRwcyUzQSUyRiUyRnJldmlzdGFtYXJjYXMubmV0JTJGd3AtY29udGVudCUyRnVwbG9hZHMlMkYyMDI2JTJGMDElMkZZRi5qcGclMjIlMjBhbHQlM0QlMjJZb3NlbGluJTIwRmFnJUMzJUJBbmRleiUyMiUzQyUyRmNlbnRlciUzRSUzQyUyRnRkJTNFJTBBJTIwJTIwJTIwJTIwJTIwJTIwJTIwJTIwJTIwJTIwJTIwJTIwJTNDdGQlM0UlM0NiJTNFWW9zZWxpbiUyMEZhZyVDMyVCQW5kZXolM0MlMkZiJTNFJTNDJTJGdGQlM0UlMEElMjAlMjAlMjAlMjAlMjAlMjAlMjAlMjAlMjAlMjAlMjAlMjAlM0N0ZCUzRSUzQ2IlM0VZb3NlbGluJTIwRmFnJUMzJUJBbmRleiUzQyUyRmIlM0UlM0MlMkZ0ZCUzRSUwQSUyMCUyMCUyMCUyMCUyMCUyMCUyMCUyMCUyMCUyMCUyMCUyMCUzQ3RkJTNFJTNDYiUzRSUyQjU4LTQyNC4yNjIuMzcuNjMzJTNDJTJGYiUzRSUzQyUyRnRkJTNFJTBBJTIwJTIwJTIwJTIwJTIwJTIwJTIwJTIwJTIwJTIwJTIwJTIwJTNDdGQlM0UlM0NiJTNFeWFmYWd1bmRleiU0MGdtYWlsLmNvbSUzQyUyRmIlM0UlM0MlMkZ0ZCUzRSUwQSUyMCUyMCUyMCUyMCUyMCUyMCUyMCUyMCUzQyUyRnRyJTNFJTBBJTIwJTIwJTIwJTIwJTNDJTJGdGFibGUlM0U=[\/vc_raw_html][\/vc_column][\/vc_row]<\/p>\n<\/div>","protected":false},"excerpt":{"rendered":"<p>[vc_row][vc_column][\/vc_column][\/vc_row][vc_row][vc_column width=\u00bb1\/2&#8243;][vc_single_image image=\u00bb8705&#8243; img_size=\u00bbLarge\u00bb css=\u00bb\u00bb][\/vc_column][vc_column width=\u00bb1\/2&#8243;][vc_column_text css=\u00bb\u00bb]El trabajo de dar a conocer y posicionar a un artista, una marca, producto o servicio va m\u00e1s all\u00e1 de una simple publicidad o la presencia en redes sociales. Se necesitan acciones m\u00e1s contundentes que conecten y transmitan la experiencia. En ese sentido, las productoras, y hay de varios<\/p>\n","protected":false},"author":3,"featured_media":0,"parent":0,"menu_order":0,"comment_status":"closed","ping_status":"closed","template":"","meta":{"footnotes":""},"class_list":["post-8683","page","type-page","status-publish","hentry"],"_links":{"self":[{"href":"https:\/\/revistamarcas.net\/index.php?rest_route=\/wp\/v2\/pages\/8683","targetHints":{"allow":["GET"]}}],"collection":[{"href":"https:\/\/revistamarcas.net\/index.php?rest_route=\/wp\/v2\/pages"}],"about":[{"href":"https:\/\/revistamarcas.net\/index.php?rest_route=\/wp\/v2\/types\/page"}],"author":[{"embeddable":true,"href":"https:\/\/revistamarcas.net\/index.php?rest_route=\/wp\/v2\/users\/3"}],"replies":[{"embeddable":true,"href":"https:\/\/revistamarcas.net\/index.php?rest_route=%2Fwp%2Fv2%2Fcomments&post=8683"}],"version-history":[{"count":14,"href":"https:\/\/revistamarcas.net\/index.php?rest_route=\/wp\/v2\/pages\/8683\/revisions"}],"predecessor-version":[{"id":8710,"href":"https:\/\/revistamarcas.net\/index.php?rest_route=\/wp\/v2\/pages\/8683\/revisions\/8710"}],"wp:attachment":[{"href":"https:\/\/revistamarcas.net\/index.php?rest_route=%2Fwp%2Fv2%2Fmedia&parent=8683"}],"curies":[{"name":"wp","href":"https:\/\/api.w.org\/{rel}","templated":true}]}}